{"id":33692,"date":"2023-09-27T17:09:33","date_gmt":"2023-09-27T15:09:33","guid":{"rendered":"https:\/\/www.networkpa.it\/?page_id=33692"},"modified":"2024-10-21T09:51:27","modified_gmt":"2024-10-21T07:51:27","slug":"resultados-de-licitacion","status":"publish","type":"page","link":"https:\/\/tech1.networkpa.it\/es\/resultados-de-licitacion\/","title":{"rendered":"Resultados de la licitaci\u00f3n"},"content":{"rendered":"<p><div class=\"fusion-fullwidth fullwidth-box fusion-builder-row-1 fusion-flex-container has-pattern-background has-mask-background nonhundred-percent-fullwidth non-hundred-percent-height-scrolling\" style=\"--awb-border-radius-top-left:0px;--awb-border-radius-top-right:0px;--awb-border-radius-bottom-right:0px;--awb-border-radius-bottom-left:0px;--awb-padding-top:2%;--awb-padding-bottom:2%;--awb-background-color:#f4f9fc;--awb-flex-wrap:wrap;\" ><div class=\"fusion-builder-row fusion-row fusion-flex-align-items-flex-start fusion-flex-content-wrap\" style=\"max-width:1372.8px;margin-left: calc(-4% \/ 2 );margin-right: calc(-4% \/ 2 );\"><div class=\"fusion-layout-column fusion_builder_column fusion-builder-column-0 fusion_builder_column_1_2 1_2 fusion-flex-column fusion-flex-align-self-center\" style=\"--awb-bg-size:cover;--awb-width-large:50%;--awb-margin-top-large:15px;--awb-spacing-right-large:3.84%;--awb-margin-bottom-large:15px;--awb-spacing-left-large:3.84%;--awb-width-medium:100%;--awb-order-medium:0;--awb-spacing-right-medium:1.92%;--awb-spacing-left-medium:1.92%;--awb-width-small:100%;--awb-order-small:0;--awb-spacing-right-small:1.92%;--awb-spacing-left-small:1.92%;\"><div class=\"fusion-column-wrapper fusion-column-has-shadow fusion-flex-justify-content-flex-start fusion-content-layout-column\"><div class=\"fusion-text fusion-text-1\" style=\"--awb-text-color:var(--awb-custom_color_12);--awb-margin-top:20px;\"><h1>Resultados de la licitaci\u00f3n<\/h1>\n<\/div><div class=\"fusion-text fusion-text-2 fusion-text-no-margin\" style=\"--awb-font-size:18px;--awb-line-height:1.5;--awb-text-color:var(--awb-color4);--awb-margin-top:16px;--awb-margin-bottom:24px;\"><p>Monitorea las adjudicaciones del a\u00f1o en curso y establezca las bases de su estrategia de mercado<\/p>\n<\/div><div class=\"fusion-text fusion-text-3\"><p>Mant\u00e9ngase siempre al corriente de lo que sucede en el mundo de la contrataci\u00f3n p\u00fablica: en la plataforma NetworkPA, <b>basta con un clic para descubrir qui\u00e9n ha ganado los procedimientos de licitaci\u00f3n que acaba de concluir<\/b>, con qu\u00e9 importe y cu\u00e1ndo, reordena r\u00e1pidamente los resultados de la b\u00fasqueda por Entidad Contratante, C\u00f3digo de identificaci\u00f3n de la licitaci\u00f3n, fecha de adjudicaci\u00f3n y mucho m\u00e1s. Para estudios de mercado m\u00e1s detallados sobre los contratos de a\u00f1os anteriores, <a href=\"analisi-benchmark\">pasa a An\u00e1lisis Benchmark<\/a> y consulta la base de datos ANAC que contiene el historial de m\u00e1s de 26 millones de adjudicaciones.<\/p>\n<p>El acceso a los Resultados de la Licitaci\u00f3n se ofrece en exclusiva a los <b>Suscriptores PLUS y UNLIMITED<\/b>.<\/p>\n<\/div><div ><a class=\"fusion-button button-flat fusion-button-default-size button-custom fusion-button-default button-1 fusion-button-default-span fusion-button-default-type\" style=\"--button_accent_color:#ffffff;--button_accent_hover_color:#ffffff;--button_border_hover_color:#ffffff;--button_gradient_top_color:var(--awb-custom_color_3);--button_gradient_bottom_color:var(--awb-custom_color_3);--button_gradient_top_color_hover:#dd2400;--button_gradient_bottom_color_hover:#dd2400;--button_font_size:16px;--button_padding-right:40px;--button_padding-left:40px;--button_typography-font-family:&quot;Poppins&quot;;--button_typography-font-style:normal;--button_typography-font-weight:600;--button_margin-top:16px;\" target=\"_self\" title=\"Suscr\u00edbete ahora\" aria-label=\"Suscr\u00edbete ahora\" href=\"\/es\/suscripciones-networkpa\/\"><span class=\"fusion-button-text awb-button__text awb-button__text--default\">Suscr\u00edbete ahora<\/span><\/a><\/div><\/div><\/div><div class=\"fusion-layout-column fusion_builder_column fusion-builder-column-1 fusion_builder_column_1_3 1_3 fusion-flex-column fusion-no-small-visibility fusion-no-medium-visibility\" style=\"--awb-bg-size:cover;--awb-width-large:33.333333333333%;--awb-margin-top-large:15px;--awb-spacing-right-large:5.76%;--awb-margin-bottom-large:15px;--awb-spacing-left-large:5.76%;--awb-width-medium:100%;--awb-order-medium:0;--awb-spacing-right-medium:1.92%;--awb-spacing-left-medium:1.92%;--awb-width-small:100%;--awb-order-small:0;--awb-spacing-right-small:1.92%;--awb-spacing-left-small:1.92%;\"><div class=\"fusion-column-wrapper fusion-column-has-shadow fusion-flex-justify-content-flex-start fusion-content-layout-column\"><div class=\"fusion-image-element \" style=\"text-align:center;--awb-caption-title-font-family:var(--h2_typography-font-family);--awb-caption-title-font-weight:var(--h2_typography-font-weight);--awb-caption-title-font-style:var(--h2_typography-font-style);--awb-caption-title-size:var(--h2_typography-font-size);--awb-caption-title-transform:var(--h2_typography-text-transform);--awb-caption-title-line-height:var(--h2_typography-line-height);--awb-caption-title-letter-spacing:var(--h2_typography-letter-spacing);\"><span class=\" fusion-imageframe imageframe-none imageframe-1 hover-type-none\"><img decoding=\"async\" width=\"500\" height=\"500\" alt=\"Trova nuove opportunit\u00e0 di business consultando i dati dei contratti pubblici con NetworkPA\" title=\"networkpa-crescita-aziendale-esiti-gara\" src=\"https:\/\/www.networkpa.it\/wp-content\/uploads\/2023\/09\/networkpa-crescita-aziendale-esiti-gara.jpg\" class=\"img-responsive wp-image-31479\" srcset=\"https:\/\/tech1.networkpa.it\/wp-content\/uploads\/2023\/09\/networkpa-crescita-aziendale-esiti-gara-200x200.jpg 200w, https:\/\/tech1.networkpa.it\/wp-content\/uploads\/2023\/09\/networkpa-crescita-aziendale-esiti-gara-400x400.jpg 400w, https:\/\/tech1.networkpa.it\/wp-content\/uploads\/2023\/09\/networkpa-crescita-aziendale-esiti-gara.jpg 500w\" sizes=\"(max-width: 1024px) 100vw, (max-width: 640px) 100vw, 400px\" \/><\/span><\/div><\/div><\/div><\/div><\/div><div class=\"fusion-fullwidth fullwidth-box fusion-builder-row-2 fusion-flex-container has-pattern-background has-mask-background nonhundred-percent-fullwidth non-hundred-percent-height-scrolling\" style=\"--awb-border-radius-top-left:0px;--awb-border-radius-top-right:0px;--awb-border-radius-bottom-right:0px;--awb-border-radius-bottom-left:0px;--awb-padding-top:2%;--awb-flex-wrap:wrap;\" ><div class=\"fusion-builder-row fusion-row fusion-flex-align-items-flex-start fusion-flex-content-wrap\" style=\"max-width:1372.8px;margin-left: calc(-4% \/ 2 );margin-right: calc(-4% \/ 2 );\"><div class=\"fusion-layout-column fusion_builder_column fusion-builder-column-2 fusion_builder_column_2_5 2_5 fusion-flex-column fusion-flex-align-self-flex-start\" style=\"--awb-bg-size:cover;--awb-width-large:40%;--awb-margin-top-large:15px;--awb-spacing-right-large:4.8%;--awb-margin-bottom-large:15px;--awb-spacing-left-large:4.8%;--awb-width-medium:100%;--awb-order-medium:0;--awb-spacing-right-medium:1.92%;--awb-spacing-left-medium:1.92%;--awb-width-small:100%;--awb-order-small:0;--awb-spacing-right-small:1.92%;--awb-spacing-left-small:1.92%;\"><div class=\"fusion-column-wrapper fusion-column-has-shadow fusion-flex-justify-content-flex-start fusion-content-layout-column\"><div class=\"fusion-image-element \" style=\"--awb-caption-title-font-family:var(--h2_typography-font-family);--awb-caption-title-font-weight:var(--h2_typography-font-weight);--awb-caption-title-font-style:var(--h2_typography-font-style);--awb-caption-title-size:var(--h2_typography-font-size);--awb-caption-title-transform:var(--h2_typography-text-transform);--awb-caption-title-line-height:var(--h2_typography-line-height);--awb-caption-title-letter-spacing:var(--h2_typography-letter-spacing);\"><span class=\" fusion-imageframe imageframe-none imageframe-2 hover-type-none\"><img decoding=\"async\" width=\"600\" height=\"600\" alt=\"resultados litacion NetworkPA\" title=\"resultados-litacion\" src=\"https:\/\/www.networkpa.it\/wp-content\/uploads\/2023\/09\/resultados-litacion.jpg\" class=\"img-responsive wp-image-31488\" srcset=\"https:\/\/tech1.networkpa.it\/wp-content\/uploads\/2023\/09\/resultados-litacion-200x200.jpg 200w, https:\/\/tech1.networkpa.it\/wp-content\/uploads\/2023\/09\/resultados-litacion-400x400.jpg 400w, https:\/\/tech1.networkpa.it\/wp-content\/uploads\/2023\/09\/resultados-litacion.jpg 600w\" sizes=\"(max-width: 1024px) 100vw, (max-width: 640px) 100vw, 600px\" \/><\/span><\/div><\/div><\/div><div class=\"fusion-layout-column fusion_builder_column fusion-builder-column-3 fusion_builder_column_3_5 3_5 fusion-flex-column fusion-flex-align-self-center\" style=\"--awb-padding-top:25px;--awb-padding-right:25px;--awb-padding-bottom:25px;--awb-padding-left:25px;--awb-bg-size:cover;--awb-width-large:60%;--awb-margin-top-large:15px;--awb-spacing-right-large:3.2%;--awb-margin-bottom-large:15px;--awb-spacing-left-large:3.2%;--awb-width-medium:100%;--awb-order-medium:0;--awb-spacing-right-medium:1.92%;--awb-spacing-left-medium:1.92%;--awb-width-small:100%;--awb-order-small:0;--awb-spacing-right-small:1.92%;--awb-spacing-left-small:1.92%;\"><div class=\"fusion-column-wrapper fusion-column-has-shadow fusion-flex-justify-content-flex-start fusion-content-layout-column\"><div class=\"fusion-text fusion-text-4\"><h2 style=\"font-size: 32px;\">Apunte su telescopio a las <span style=\"color: var(--awb-color4);\">licitaciones adjudicadas<\/span><\/h2>\n<\/div><ul style=\"--awb-size:25px;--awb-margin-top:25px;--awb-item-padding-bottom:15px;--awb-iconcolor:var(--awb-color4);--awb-line-height:42.5px;--awb-icon-width:42.5px;--awb-icon-height:42.5px;--awb-icon-margin:17.5px;--awb-content-margin:60px;\" class=\"fusion-checklist fusion-checklist-1 fusion-checklist-default type-icons\"><li class=\"fusion-li-item\" style=\"\"><span class=\"icon-wrapper circle-no\"><i class=\"fusion-li-icon fa-alarm-clock fas\" aria-hidden=\"true\"><\/i><\/span><div class=\"fusion-li-item-content\">\n<h3 style=\"color: var(--awb-color4);\">Base de datos siempre actualizada<\/h3>\n<p style=\"font-size: 14px;\">Los datos de los resultados de la carrera se actualizan diariamente.<\/p>\n<\/div><\/li><li class=\"fusion-li-item\" style=\"\"><span class=\"icon-wrapper circle-no\"><i class=\"fusion-li-icon fa-bullseye fas\" aria-hidden=\"true\"><\/i><\/span><div class=\"fusion-li-item-content\">\n<h3 style=\"color: var(--awb-color4); margin-bottom: 10px;\">An\u00e1lisis intuitivos y personalizados<\/h3>\n<p style=\"font-size: 14px; line-height: 20px;\" data-fusion-font=\"true\">Utiliza la interfaz clara e intuitiva y los filtros avanzados para visualizar solo los procedimientos de licitaciones de tu inter\u00e9s, en pocos instantes.<\/p>\n<\/div><\/li><li class=\"fusion-li-item\" style=\"\"><span class=\"icon-wrapper circle-no\"><i class=\"fusion-li-icon fa-rocket fas\" aria-hidden=\"true\"><\/i><\/span><div class=\"fusion-li-item-content\">\n<h3 style=\"color: var(--awb-color4); margin-bottom: 10px;\">Sin l\u00edmites a las b\u00fasquedas<\/h3>\n<p style=\"font-size: 14px; line-height: 20px;\" data-fusion-font=\"true\">Acceda a los resultados de la licitaci\u00f3n en la plataforma NetworkPA cuando lo desee.<\/p>\n<\/div><\/li><\/ul><\/div><\/div><\/div><\/div><div class=\"fusion-fullwidth fullwidth-box fusion-builder-row-3 fusion-flex-container fusion-parallax-none nonhundred-percent-fullwidth non-hundred-percent-height-scrolling\" style=\"--awb-border-radius-top-left:0px;--awb-border-radius-top-right:0px;--awb-border-radius-bottom-right:0px;--awb-border-radius-bottom-left:0px;--awb-padding-top:2%;--awb-padding-right:20%;--awb-padding-bottom:2%;--awb-padding-left:20%;--awb-background-image:url(&quot;https:\/\/www.networkpa.it\/wp-content\/uploads\/2023\/09\/piani-abbonamento-networkpa-sfondo.jpg&quot;);--awb-background-size:cover;--awb-flex-wrap:wrap;\" ><div class=\"fusion-builder-row fusion-row fusion-flex-align-items-flex-start fusion-flex-justify-content-space-evenly fusion-flex-content-wrap\" style=\"max-width:1372.8px;margin-left: calc(-4% \/ 2 );margin-right: calc(-4% \/ 2 );\"><div class=\"fusion-layout-column fusion_builder_column fusion-builder-column-4 fusion_builder_column_1_1 1_1 fusion-flex-column\" style=\"--awb-bg-size:cover;--awb-width-large:100%;--awb-margin-top-large:15px;--awb-spacing-right-large:1.92%;--awb-margin-bottom-large:15px;--awb-spacing-left-large:1.92%;--awb-width-medium:100%;--awb-order-medium:0;--awb-spacing-right-medium:1.92%;--awb-spacing-left-medium:1.92%;--awb-width-small:100%;--awb-order-small:0;--awb-spacing-right-small:1.92%;--awb-spacing-left-small:1.92%;\"><div class=\"fusion-column-wrapper fusion-column-has-shadow fusion-flex-justify-content-flex-start fusion-content-layout-column\"><div class=\"fusion-text fusion-text-5\" style=\"--awb-content-alignment:center;\"><h2 style=\"color: #fff;\">Descubra r\u00e1pidamente c\u00f3mo evoluciona el mundo de la contrataci\u00f3n<\/h2>\n<\/div><\/div><\/div><div class=\"fusion-layout-column fusion_builder_column fusion-builder-column-5 fusion_builder_column_1_3 1_3 fusion-flex-column\" style=\"--awb-padding-top:24px;--awb-padding-right:24px;--awb-padding-bottom:24px;--awb-padding-left:24px;--awb-overflow:hidden;--awb-bg-color:#ffffff;--awb-bg-color-hover:#ffffff;--awb-bg-size:cover;--awb-border-radius:8px 8px 8px 8px;--awb-width-large:33.333333333333%;--awb-margin-top-large:15px;--awb-spacing-right-large:5.76%;--awb-margin-bottom-large:15px;--awb-spacing-left-large:5.76%;--awb-width-medium:100%;--awb-order-medium:0;--awb-spacing-right-medium:1.92%;--awb-spacing-left-medium:1.92%;--awb-width-small:100%;--awb-order-small:0;--awb-spacing-right-small:1.92%;--awb-spacing-left-small:1.92%;\"><div class=\"fusion-column-wrapper fusion-column-has-shadow fusion-flex-justify-content-flex-start fusion-content-layout-column\"><div class=\"fusion-text fusion-text-6 fusion-text-no-margin\" style=\"--awb-font-size:20px;--awb-text-color:var(--awb-color5);--awb-margin-top:8px;--awb-margin-bottom:16px;--awb-text-font-family:&quot;Poppins&quot;;--awb-text-font-style:normal;--awb-text-font-weight:700;\"><p style=\"text-align: center;\">Dise\u00f1e ofertas de licitaci\u00f3n exitosas<\/p>\n<\/div><div class=\"fusion-text fusion-text-7\" style=\"--awb-content-alignment:center;\"><p>Aproveche las oportunidades que ofrece el sector p\u00fablico con una s\u00f3lida estrategia basada en datos.<\/p>\n<\/div><\/div><\/div><div class=\"fusion-layout-column fusion_builder_column fusion-builder-column-6 fusion_builder_column_1_3 1_3 fusion-flex-column\" style=\"--awb-padding-top:24px;--awb-padding-right:24px;--awb-padding-bottom:24px;--awb-padding-left:24px;--awb-overflow:hidden;--awb-bg-color:#ffffff;--awb-bg-color-hover:#ffffff;--awb-bg-size:cover;--awb-border-radius:8px 8px 8px 8px;--awb-width-large:33.333333333333%;--awb-margin-top-large:15px;--awb-spacing-right-large:5.76%;--awb-margin-bottom-large:15px;--awb-spacing-left-large:5.76%;--awb-width-medium:100%;--awb-order-medium:0;--awb-spacing-right-medium:1.92%;--awb-spacing-left-medium:1.92%;--awb-width-small:100%;--awb-order-small:0;--awb-spacing-right-small:1.92%;--awb-spacing-left-small:1.92%;\"><div class=\"fusion-column-wrapper fusion-column-has-shadow fusion-flex-justify-content-flex-start fusion-content-layout-column\"><div class=\"fusion-text fusion-text-8 fusion-text-no-margin\" style=\"--awb-font-size:20px;--awb-text-color:var(--awb-color5);--awb-margin-top:8px;--awb-margin-bottom:16px;--awb-text-font-family:&quot;Poppins&quot;;--awb-text-font-style:normal;--awb-text-font-weight:700;\"><p style=\"text-align: center;\">Optimiza el tiempo dedicado a las b\u00fasquedas<\/p>\n<\/div><div class=\"fusion-text fusion-text-9\" style=\"--awb-content-alignment:center;\"><p>Acceda desde una \u00fanica plataforma a <a href=\"\/es\/servicio-informativo-licitaciones\/\">publicaciones y adjudicaciones<\/a> de distintas fuentes.<\/p>\n<\/div><\/div><\/div><div class=\"fusion-layout-column fusion_builder_column fusion-builder-column-7 fusion_builder_column_3_4 3_4 fusion-flex-column\" style=\"--awb-bg-size:cover;--awb-width-large:75%;--awb-margin-top-large:15px;--awb-spacing-right-large:2.56%;--awb-margin-bottom-large:15px;--awb-spacing-left-large:2.56%;--awb-width-medium:100%;--awb-order-medium:0;--awb-spacing-right-medium:1.92%;--awb-spacing-left-medium:1.92%;--awb-width-small:100%;--awb-order-small:0;--awb-spacing-right-small:1.92%;--awb-spacing-left-small:1.92%;\"><div class=\"fusion-column-wrapper fusion-column-has-shadow fusion-flex-justify-content-flex-start fusion-content-layout-column\"><div class=\"fusion-text fusion-text-10\" style=\"--awb-font-size:20px;--awb-line-height:1.5;--awb-text-color:var(--awb-color1);\"><p style=\"text-align: center;\">Resultados de la licitaci\u00f3n y An\u00e1lisis Benchmark,<\/p>\n<p style=\"text-align: center;\"><b>las dos herramientas indispensables para ganar en el mercado P\u00fablico<\/b><\/p>\n<\/div><div style=\"text-align:center;\"><a class=\"fusion-button button-flat fusion-button-default-size button-custom fusion-button-default button-2 fusion-button-default-span fusion-button-default-type\" style=\"--button_accent_color:#ffffff;--button_accent_hover_color:#ffffff;--button_border_hover_color:#ffffff;--button_gradient_top_color:var(--awb-custom_color_3);--button_gradient_bottom_color:var(--awb-custom_color_3);--button_gradient_top_color_hover:#dd2400;--button_gradient_bottom_color_hover:#dd2400;--button_font_size:16px;--button_padding-right:40px;--button_padding-left:40px;--button_typography-font-family:&quot;Poppins&quot;;--button_typography-font-style:normal;--button_typography-font-weight:600;--button_margin-top:15px;\" target=\"_self\" title=\"Compara los planes de suscripci\u00f3n\" aria-label=\"Compara los planes de suscripci\u00f3n\" href=\"\/es\/suscripciones-networkpa\/\"><span class=\"fusion-button-text awb-button__text awb-button__text--default\">Compara los planes de suscripci\u00f3n<\/span><\/a><\/div><\/div><\/div><\/div><\/div><\/p>\n","protected":false},"excerpt":{"rendered":"","protected":false},"author":14348,"featured_media":0,"parent":0,"menu_order":0,"comment_status":"closed","ping_status":"closed","template":"100-width.php","meta":{"footnotes":""},"class_list":["post-33692","page","type-page","status-publish","hentry"],"yoast_head":"<!-- This site is optimized with the Yoast SEO plugin v25.9 - https:\/\/yoast.com\/wordpress\/plugins\/seo\/ -->\n<title>Resultados de la licitaci\u00f3n - NetworkPA<\/title>\n<meta name=\"robots\" content=\"index, follow, max-snippet:-1, max-image-preview:large, max-video-preview:-1\" \/>\n<link rel=\"canonical\" href=\"https:\/\/tech1.networkpa.it\/esiti-di-gara\/\" \/>\n<meta property=\"og:locale\" content=\"es_ES\" \/>\n<meta property=\"og:type\" content=\"article\" \/>\n<meta property=\"og:title\" content=\"Resultados de la licitaci\u00f3n - NetworkPA\" \/>\n<meta property=\"og:url\" content=\"https:\/\/tech1.networkpa.it\/esiti-di-gara\/\" \/>\n<meta property=\"og:site_name\" content=\"NetworkPA\" \/>\n<meta property=\"article:publisher\" content=\"https:\/\/www.facebook.com\/digitalpa.srl\/\" \/>\n<meta property=\"article:modified_time\" content=\"2024-10-21T07:51:27+00:00\" \/>\n<meta name=\"twitter:card\" content=\"summary_large_image\" \/>\n<meta name=\"twitter:label1\" content=\"Est. reading time\" \/>\n\t<meta name=\"twitter:data1\" content=\"18 minutes\" \/>\n<script type=\"application\/ld+json\" class=\"yoast-schema-graph\">{\"@context\":\"https:\/\/schema.org\",\"@graph\":[{\"@type\":\"WebPage\",\"@id\":\"https:\/\/tech1.networkpa.it\/esiti-di-gara\/\",\"url\":\"https:\/\/tech1.networkpa.it\/esiti-di-gara\/\",\"name\":\"Resultados de la licitaci\u00f3n - NetworkPA\",\"isPartOf\":{\"@id\":\"https:\/\/tech1.networkpa.it\/#website\"},\"datePublished\":\"2023-09-27T15:09:33+00:00\",\"dateModified\":\"2024-10-21T07:51:27+00:00\",\"breadcrumb\":{\"@id\":\"https:\/\/tech1.networkpa.it\/esiti-di-gara\/#breadcrumb\"},\"inLanguage\":\"es-ES\",\"potentialAction\":[{\"@type\":\"ReadAction\",\"target\":[\"https:\/\/tech1.networkpa.it\/esiti-di-gara\/\"]}]},{\"@type\":\"BreadcrumbList\",\"@id\":\"https:\/\/tech1.networkpa.it\/esiti-di-gara\/#breadcrumb\",\"itemListElement\":[{\"@type\":\"ListItem\",\"position\":1,\"name\":\"Home\",\"item\":\"https:\/\/tech1.networkpa.it\/\"},{\"@type\":\"ListItem\",\"position\":2,\"name\":\"Resultados de la licitaci\u00f3n\"}]},{\"@type\":\"WebSite\",\"@id\":\"https:\/\/tech1.networkpa.it\/#website\",\"url\":\"https:\/\/tech1.networkpa.it\/\",\"name\":\"NetworkPA\",\"description\":\"Software e-procurement | albo fornitori iscrizione | Partecipazione gara telematica\",\"publisher\":{\"@id\":\"https:\/\/tech1.networkpa.it\/#organization\"},\"potentialAction\":[{\"@type\":\"SearchAction\",\"target\":{\"@type\":\"EntryPoint\",\"urlTemplate\":\"https:\/\/tech1.networkpa.it\/?s={search_term_string}\"},\"query-input\":{\"@type\":\"PropertyValueSpecification\",\"valueRequired\":true,\"valueName\":\"search_term_string\"}}],\"inLanguage\":\"es-ES\"},{\"@type\":\"Organization\",\"@id\":\"https:\/\/tech1.networkpa.it\/#organization\",\"name\":\"DigitalPA s.r.l\",\"url\":\"https:\/\/tech1.networkpa.it\/\",\"logo\":{\"@type\":\"ImageObject\",\"inLanguage\":\"es-ES\",\"@id\":\"https:\/\/tech1.networkpa.it\/#\/schema\/logo\/image\/\",\"url\":\"https:\/\/tech1.networkpa.it\/wp-content\/uploads\/2019\/06\/logo-digitalpa-blu-rosso-orizzontale-payoff-copia-250x.png\",\"contentUrl\":\"https:\/\/tech1.networkpa.it\/wp-content\/uploads\/2019\/06\/logo-digitalpa-blu-rosso-orizzontale-payoff-copia-250x.png\",\"width\":250,\"height\":60,\"caption\":\"DigitalPA s.r.l\"},\"image\":{\"@id\":\"https:\/\/tech1.networkpa.it\/#\/schema\/logo\/image\/\"},\"sameAs\":[\"https:\/\/www.facebook.com\/digitalpa.srl\/\",\"https:\/\/www.linkedin.com\/company\/digitalpa\/?originalSubdomain=it\",\"https:\/\/www.youtube.com\/channel\/UC67awOjGkcaH22GRWPN9R1w\"]}]}<\/script>\n<!-- \/ Yoast SEO plugin. -->","yoast_head_json":{"title":"Resultados de la licitaci\u00f3n - NetworkPA","robots":{"index":"index","follow":"follow","max-snippet":"max-snippet:-1","max-image-preview":"max-image-preview:large","max-video-preview":"max-video-preview:-1"},"canonical":"https:\/\/tech1.networkpa.it\/esiti-di-gara\/","og_locale":"es_ES","og_type":"article","og_title":"Resultados de la licitaci\u00f3n - NetworkPA","og_url":"https:\/\/tech1.networkpa.it\/esiti-di-gara\/","og_site_name":"NetworkPA","article_publisher":"https:\/\/www.facebook.com\/digitalpa.srl\/","article_modified_time":"2024-10-21T07:51:27+00:00","twitter_card":"summary_large_image","twitter_misc":{"Est. reading time":"18 minutes"},"schema":{"@context":"https:\/\/schema.org","@graph":[{"@type":"WebPage","@id":"https:\/\/tech1.networkpa.it\/esiti-di-gara\/","url":"https:\/\/tech1.networkpa.it\/esiti-di-gara\/","name":"Resultados de la licitaci\u00f3n - NetworkPA","isPartOf":{"@id":"https:\/\/tech1.networkpa.it\/#website"},"datePublished":"2023-09-27T15:09:33+00:00","dateModified":"2024-10-21T07:51:27+00:00","breadcrumb":{"@id":"https:\/\/tech1.networkpa.it\/esiti-di-gara\/#breadcrumb"},"inLanguage":"es-ES","potentialAction":[{"@type":"ReadAction","target":["https:\/\/tech1.networkpa.it\/esiti-di-gara\/"]}]},{"@type":"BreadcrumbList","@id":"https:\/\/tech1.networkpa.it\/esiti-di-gara\/#breadcrumb","itemListElement":[{"@type":"ListItem","position":1,"name":"Home","item":"https:\/\/tech1.networkpa.it\/"},{"@type":"ListItem","position":2,"name":"Resultados de la licitaci\u00f3n"}]},{"@type":"WebSite","@id":"https:\/\/tech1.networkpa.it\/#website","url":"https:\/\/tech1.networkpa.it\/","name":"NetworkPA","description":"Software e-procurement | albo fornitori iscrizione | Partecipazione gara telematica","publisher":{"@id":"https:\/\/tech1.networkpa.it\/#organization"},"potentialAction":[{"@type":"SearchAction","target":{"@type":"EntryPoint","urlTemplate":"https:\/\/tech1.networkpa.it\/?s={search_term_string}"},"query-input":{"@type":"PropertyValueSpecification","valueRequired":true,"valueName":"search_term_string"}}],"inLanguage":"es-ES"},{"@type":"Organization","@id":"https:\/\/tech1.networkpa.it\/#organization","name":"DigitalPA s.r.l","url":"https:\/\/tech1.networkpa.it\/","logo":{"@type":"ImageObject","inLanguage":"es-ES","@id":"https:\/\/tech1.networkpa.it\/#\/schema\/logo\/image\/","url":"https:\/\/tech1.networkpa.it\/wp-content\/uploads\/2019\/06\/logo-digitalpa-blu-rosso-orizzontale-payoff-copia-250x.png","contentUrl":"https:\/\/tech1.networkpa.it\/wp-content\/uploads\/2019\/06\/logo-digitalpa-blu-rosso-orizzontale-payoff-copia-250x.png","width":250,"height":60,"caption":"DigitalPA s.r.l"},"image":{"@id":"https:\/\/tech1.networkpa.it\/#\/schema\/logo\/image\/"},"sameAs":["https:\/\/www.facebook.com\/digitalpa.srl\/","https:\/\/www.linkedin.com\/company\/digitalpa\/?originalSubdomain=it","https:\/\/www.youtube.com\/channel\/UC67awOjGkcaH22GRWPN9R1w"]}]}},"_links":{"self":[{"href":"https:\/\/tech1.networkpa.it\/es\/wp-json\/wp\/v2\/pages\/33692","targetHints":{"allow":["GET"]}}],"collection":[{"href":"https:\/\/tech1.networkpa.it\/es\/wp-json\/wp\/v2\/pages"}],"about":[{"href":"https:\/\/tech1.networkpa.it\/es\/wp-json\/wp\/v2\/types\/page"}],"author":[{"embeddable":true,"href":"https:\/\/tech1.networkpa.it\/es\/wp-json\/wp\/v2\/users\/14348"}],"replies":[{"embeddable":true,"href":"https:\/\/tech1.networkpa.it\/es\/wp-json\/wp\/v2\/comments?post=33692"}],"version-history":[{"count":6,"href":"https:\/\/tech1.networkpa.it\/es\/wp-json\/wp\/v2\/pages\/33692\/revisions"}],"predecessor-version":[{"id":42800,"href":"https:\/\/tech1.networkpa.it\/es\/wp-json\/wp\/v2\/pages\/33692\/revisions\/42800"}],"wp:attachment":[{"href":"https:\/\/tech1.networkpa.it\/es\/wp-json\/wp\/v2\/media?parent=33692"}],"curies":[{"name":"wp","href":"https:\/\/api.w.org\/{rel}","templated":true}]}}