{"id":33731,"date":"2023-09-25T12:38:45","date_gmt":"2023-09-25T10:38:45","guid":{"rendered":"https:\/\/www.networkpa.it\/?page_id=33731"},"modified":"2023-09-25T12:38:45","modified_gmt":"2023-09-25T10:38:45","slug":"cookie-policy","status":"publish","type":"page","link":"https:\/\/tech1.networkpa.it\/es\/cookie-policy\/","title":{"rendered":"Cookie Policy"},"content":{"rendered":"<div class=\"fusion-fullwidth fullwidth-box fusion-builder-row-1 fusion-flex-container has-pattern-background has-mask-background nonhundred-percent-fullwidth non-hundred-percent-height-scrolling\" style=\"--awb-border-radius-top-left:0px;--awb-border-radius-top-right:0px;--awb-border-radius-bottom-right:0px;--awb-border-radius-bottom-left:0px;--awb-flex-wrap:wrap;\" ><div class=\"fusion-builder-row fusion-row fusion-flex-align-items-flex-start fusion-flex-content-wrap\" style=\"max-width:1372.8px;margin-left: calc(-4% \/ 2 );margin-right: calc(-4% \/ 2 );\"><div class=\"fusion-layout-column fusion_builder_column fusion-builder-column-0 fusion_builder_column_1_1 1_1 fusion-flex-column\" style=\"--awb-bg-size:cover;--awb-width-large:100%;--awb-margin-top-large:15px;--awb-spacing-right-large:1.92%;--awb-margin-bottom-large:15px;--awb-spacing-left-large:1.92%;--awb-width-medium:100%;--awb-order-medium:0;--awb-spacing-right-medium:1.92%;--awb-spacing-left-medium:1.92%;--awb-width-small:100%;--awb-order-small:0;--awb-spacing-right-small:1.92%;--awb-spacing-left-small:1.92%;\"><div class=\"fusion-column-wrapper fusion-column-has-shadow fusion-flex-justify-content-flex-start fusion-content-layout-column\"><div class=\"fusion-text fusion-text-1\"><h1><strong>Informaci\u00f3n sobre el uso de las cookies<\/strong><\/h1>\n<\/div><div class=\"fusion-text fusion-text-2\" style=\"--awb-margin-top:20px;\"><p>Esta secci\u00f3n del portal tiene como objetivo indicar las pol\u00edticas de DigitalPA S.r.l. (en virtud del RGPD &#8211; General Data Protection Regulation &#8211; 2016\/679) sobre el tratamiento de los datos personales recogidos durante la navegaci\u00f3n en el portal. <\/p>\n<\/div><div class=\"fusion-text fusion-text-3\" style=\"--awb-margin-top:20px;\"><p>La informaci\u00f3n se proporciona solo para el portal gestionado por DigitalPA S.r.l. y no para otros sitios web eventualmente consultados por el usuario a trav\u00e9s de un enlace.<\/p>\n<p>La informaci\u00f3n tambi\u00e9n se inspira en la Recomendaci\u00f3n n\u00ba 2\/2001 que las autoridades europeas de protecci\u00f3n de datos personales, reunidas en el Grupo de Trabajo creado por el art\u00edculo 29 de la Directiva n\u00ba 95\/46\/CE, adoptaron el 17 de mayo de 2001 para determinar determinados requisitos m\u00ednimos para la recogida de datos personales en l\u00ednea y, en particular, los m\u00e9todos, el calendario y la naturaleza de la informaci\u00f3n que los responsables del tratamiento de datos deben facilitar a los usuarios cuando se conectan a p\u00e1ginas web, independientemente de la finalidad de la conexi\u00f3n.<\/p>\n<\/div><div class=\"fusion-text fusion-text-4\" style=\"--awb-margin-top:20px;\"><h2><strong>RESPONSABLE DEL TRATAMIENTO<\/strong><\/h2>\n<\/div><div class=\"fusion-text fusion-text-5\"><p>El Titular del tratamiento de datos es DigitalPA Srl, con sede en Cagliari, en v\u00eda San Tommaso d&#8217;Aquino 18A, a la que se puede contactar para ejercer los derechos establecidos en el art. 13 y\/o para cualquier aclaraci\u00f3n en materia de protecci\u00f3n de datos personales, y es accesible en: <a href=\"mailto:privacy@digitalpa.it\">privacy@digitalpa.it<\/a>.<\/p>\n<\/div><div class=\"fusion-text fusion-text-6\" style=\"--awb-margin-top:20px;\"><h2><strong>COOKIES<\/strong><\/h2>\n<\/div><div class=\"fusion-text fusion-text-7\"><p>El portal no adquiere impl\u00edcitamente ning\u00fan dato personal de los usuarios.<\/p>\n<p>No se utilizan cookies para la transmisi\u00f3n de informaci\u00f3n personal, ni se utilizan cookies persistentes para el seguimiento de los usuarios. Solo se utilizan cookies t\u00e9cnicas que no permiten la creaci\u00f3n de perfiles y la identificaci\u00f3n de personas f\u00edsicas. La \u00fanica cookie persistente que se utiliza permite personalizar la navegaci\u00f3n del portal por parte del usuario, para que no tenga que elegir cada vez que acceda al portal. El uso de cookies de sesi\u00f3n (que no se almacenan de forma persistente en el computer del usuario y desaparecen con el cierre del navegador) est\u00e1 estrictamente limitado a la transmisi\u00f3n de identificadores de sesi\u00f3n (constituidos por n\u00fameros aleatorios generados por el servidor) necesarias para permitir la exploraci\u00f3n segura y eficiente del portal.<\/p>\n<\/div><div class=\"fusion-text fusion-text-8\" style=\"--awb-margin-top:20px;\"><h3><em>Google reCAPTCHA<\/em><\/h3>\n<p>El sitio utiliza el servicio &#8220;Google reCAPTCHA&#8221;, un servicio para evitar o disuadir a los usuarios de enviar comentarios o mensajes de spam o spambots. El uso de esta tecnolog\u00eda implica la instalaci\u00f3n de cookies (_GRECAPTCHA no de elaboraci\u00f3n de perfiles) de la empresa tercera, Google Inc. El sitio no comparte ninguna informaci\u00f3n de navegaci\u00f3n o datos del usuario. Tambi\u00e9n puede consultar la pol\u00edtica de privacidad dirigida a los Usuarios haciendo <a href=\"https:\/\/policies.google.com\/privacy?hl=es\" target=\"_blank\" rel=\"noopener noreferrer\">clic aqu\u00ed<\/a>. (Duraci\u00f3n de la cookie 90 d\u00edas)<\/p>\n<\/div><div class=\"fusion-text fusion-text-9\" style=\"--awb-margin-top:20px;\"><h3>DERECHOS DE LOS INTERESADOS<\/h3>\n<p>Los sujetos a los que se refieren los datos personales tienen derecho en todo momento a:<\/p>\n<ul>\n<li>acceder a los datos personales;<\/li>\n<li>obtener la rectificaci\u00f3n o cancelaci\u00f3n de los mismos o la limitaci\u00f3n del tratamiento que les concierna;<\/li>\n<li>oponerse al tratamiento;<\/li>\n<li>la portabilidad de los datos;<\/li>\n<li>revocar el consentimiento, en su caso: la revocaci\u00f3n del consentimiento no afectar\u00e1 a la legalidad del tratamiento basado en el consentimiento otorgado antes de la revocaci\u00f3n;<\/li>\n<li>presentar una reclamaci\u00f3n ante la autoridad de control (Garante de la Privacidad).<\/li>\n<\/ul>\n<p>El &#8220;<strong>Responsable de Protecci\u00f3n de Datos<\/strong>&#8221; al que puede dirigirse para cualquier aclaraci\u00f3n en materia de protecci\u00f3n de datos personales se encuentra en: <strong>privacy@digitalpa.it.<\/strong><\/p>\n<\/div><\/div><\/div><\/div><\/div>\n","protected":false},"excerpt":{"rendered":"","protected":false},"author":5,"featured_media":0,"parent":0,"menu_order":0,"comment_status":"closed","ping_status":"closed","template":"","meta":{"footnotes":""},"class_list":["post-33731","page","type-page","status-publish","hentry"],"yoast_head":"<!-- This site is optimized with the Yoast SEO plugin v25.9 - https:\/\/yoast.com\/wordpress\/plugins\/seo\/ -->\n<title>Cookie Policy - NetworkPA<\/title>\n<meta name=\"robots\" content=\"index, follow, max-snippet:-1, max-image-preview:large, max-video-preview:-1\" \/>\n<link rel=\"canonical\" href=\"https:\/\/tech1.networkpa.it\/cookie-policy\/\" \/>\n<meta property=\"og:locale\" content=\"es_ES\" \/>\n<meta property=\"og:type\" content=\"article\" \/>\n<meta property=\"og:title\" content=\"Cookie Policy - NetworkPA\" \/>\n<meta property=\"og:url\" content=\"https:\/\/tech1.networkpa.it\/cookie-policy\/\" \/>\n<meta property=\"og:site_name\" content=\"NetworkPA\" \/>\n<meta property=\"article:publisher\" content=\"https:\/\/www.facebook.com\/digitalpa.srl\/\" \/>\n<meta name=\"twitter:card\" content=\"summary_large_image\" \/>\n<meta name=\"twitter:label1\" content=\"Est. reading time\" \/>\n\t<meta name=\"twitter:data1\" content=\"7 minutes\" \/>\n<script type=\"application\/ld+json\" class=\"yoast-schema-graph\">{\"@context\":\"https:\/\/schema.org\",\"@graph\":[{\"@type\":\"WebPage\",\"@id\":\"https:\/\/tech1.networkpa.it\/cookie-policy\/\",\"url\":\"https:\/\/tech1.networkpa.it\/cookie-policy\/\",\"name\":\"Cookie Policy - NetworkPA\",\"isPartOf\":{\"@id\":\"https:\/\/tech1.networkpa.it\/#website\"},\"datePublished\":\"2023-09-25T10:38:45+00:00\",\"breadcrumb\":{\"@id\":\"https:\/\/tech1.networkpa.it\/cookie-policy\/#breadcrumb\"},\"inLanguage\":\"es-ES\",\"potentialAction\":[{\"@type\":\"ReadAction\",\"target\":[\"https:\/\/tech1.networkpa.it\/cookie-policy\/\"]}]},{\"@type\":\"BreadcrumbList\",\"@id\":\"https:\/\/tech1.networkpa.it\/cookie-policy\/#breadcrumb\",\"itemListElement\":[{\"@type\":\"ListItem\",\"position\":1,\"name\":\"Home\",\"item\":\"https:\/\/tech1.networkpa.it\/\"},{\"@type\":\"ListItem\",\"position\":2,\"name\":\"Cookie Policy\"}]},{\"@type\":\"WebSite\",\"@id\":\"https:\/\/tech1.networkpa.it\/#website\",\"url\":\"https:\/\/tech1.networkpa.it\/\",\"name\":\"NetworkPA\",\"description\":\"Software e-procurement | albo fornitori iscrizione | Partecipazione gara telematica\",\"publisher\":{\"@id\":\"https:\/\/tech1.networkpa.it\/#organization\"},\"potentialAction\":[{\"@type\":\"SearchAction\",\"target\":{\"@type\":\"EntryPoint\",\"urlTemplate\":\"https:\/\/tech1.networkpa.it\/?s={search_term_string}\"},\"query-input\":{\"@type\":\"PropertyValueSpecification\",\"valueRequired\":true,\"valueName\":\"search_term_string\"}}],\"inLanguage\":\"es-ES\"},{\"@type\":\"Organization\",\"@id\":\"https:\/\/tech1.networkpa.it\/#organization\",\"name\":\"DigitalPA s.r.l\",\"url\":\"https:\/\/tech1.networkpa.it\/\",\"logo\":{\"@type\":\"ImageObject\",\"inLanguage\":\"es-ES\",\"@id\":\"https:\/\/tech1.networkpa.it\/#\/schema\/logo\/image\/\",\"url\":\"https:\/\/tech1.networkpa.it\/wp-content\/uploads\/2019\/06\/logo-digitalpa-blu-rosso-orizzontale-payoff-copia-250x.png\",\"contentUrl\":\"https:\/\/tech1.networkpa.it\/wp-content\/uploads\/2019\/06\/logo-digitalpa-blu-rosso-orizzontale-payoff-copia-250x.png\",\"width\":250,\"height\":60,\"caption\":\"DigitalPA s.r.l\"},\"image\":{\"@id\":\"https:\/\/tech1.networkpa.it\/#\/schema\/logo\/image\/\"},\"sameAs\":[\"https:\/\/www.facebook.com\/digitalpa.srl\/\",\"https:\/\/www.linkedin.com\/company\/digitalpa\/?originalSubdomain=it\",\"https:\/\/www.youtube.com\/channel\/UC67awOjGkcaH22GRWPN9R1w\"]}]}<\/script>\n<!-- \/ Yoast SEO plugin. -->","yoast_head_json":{"title":"Cookie Policy - NetworkPA","robots":{"index":"index","follow":"follow","max-snippet":"max-snippet:-1","max-image-preview":"max-image-preview:large","max-video-preview":"max-video-preview:-1"},"canonical":"https:\/\/tech1.networkpa.it\/cookie-policy\/","og_locale":"es_ES","og_type":"article","og_title":"Cookie Policy - NetworkPA","og_url":"https:\/\/tech1.networkpa.it\/cookie-policy\/","og_site_name":"NetworkPA","article_publisher":"https:\/\/www.facebook.com\/digitalpa.srl\/","twitter_card":"summary_large_image","twitter_misc":{"Est. reading time":"7 minutes"},"schema":{"@context":"https:\/\/schema.org","@graph":[{"@type":"WebPage","@id":"https:\/\/tech1.networkpa.it\/cookie-policy\/","url":"https:\/\/tech1.networkpa.it\/cookie-policy\/","name":"Cookie Policy - NetworkPA","isPartOf":{"@id":"https:\/\/tech1.networkpa.it\/#website"},"datePublished":"2023-09-25T10:38:45+00:00","breadcrumb":{"@id":"https:\/\/tech1.networkpa.it\/cookie-policy\/#breadcrumb"},"inLanguage":"es-ES","potentialAction":[{"@type":"ReadAction","target":["https:\/\/tech1.networkpa.it\/cookie-policy\/"]}]},{"@type":"BreadcrumbList","@id":"https:\/\/tech1.networkpa.it\/cookie-policy\/#breadcrumb","itemListElement":[{"@type":"ListItem","position":1,"name":"Home","item":"https:\/\/tech1.networkpa.it\/"},{"@type":"ListItem","position":2,"name":"Cookie Policy"}]},{"@type":"WebSite","@id":"https:\/\/tech1.networkpa.it\/#website","url":"https:\/\/tech1.networkpa.it\/","name":"NetworkPA","description":"Software e-procurement | albo fornitori iscrizione | Partecipazione gara telematica","publisher":{"@id":"https:\/\/tech1.networkpa.it\/#organization"},"potentialAction":[{"@type":"SearchAction","target":{"@type":"EntryPoint","urlTemplate":"https:\/\/tech1.networkpa.it\/?s={search_term_string}"},"query-input":{"@type":"PropertyValueSpecification","valueRequired":true,"valueName":"search_term_string"}}],"inLanguage":"es-ES"},{"@type":"Organization","@id":"https:\/\/tech1.networkpa.it\/#organization","name":"DigitalPA s.r.l","url":"https:\/\/tech1.networkpa.it\/","logo":{"@type":"ImageObject","inLanguage":"es-ES","@id":"https:\/\/tech1.networkpa.it\/#\/schema\/logo\/image\/","url":"https:\/\/tech1.networkpa.it\/wp-content\/uploads\/2019\/06\/logo-digitalpa-blu-rosso-orizzontale-payoff-copia-250x.png","contentUrl":"https:\/\/tech1.networkpa.it\/wp-content\/uploads\/2019\/06\/logo-digitalpa-blu-rosso-orizzontale-payoff-copia-250x.png","width":250,"height":60,"caption":"DigitalPA s.r.l"},"image":{"@id":"https:\/\/tech1.networkpa.it\/#\/schema\/logo\/image\/"},"sameAs":["https:\/\/www.facebook.com\/digitalpa.srl\/","https:\/\/www.linkedin.com\/company\/digitalpa\/?originalSubdomain=it","https:\/\/www.youtube.com\/channel\/UC67awOjGkcaH22GRWPN9R1w"]}]}},"_links":{"self":[{"href":"https:\/\/tech1.networkpa.it\/es\/wp-json\/wp\/v2\/pages\/33731","targetHints":{"allow":["GET"]}}],"collection":[{"href":"https:\/\/tech1.networkpa.it\/es\/wp-json\/wp\/v2\/pages"}],"about":[{"href":"https:\/\/tech1.networkpa.it\/es\/wp-json\/wp\/v2\/types\/page"}],"author":[{"embeddable":true,"href":"https:\/\/tech1.networkpa.it\/es\/wp-json\/wp\/v2\/users\/5"}],"replies":[{"embeddable":true,"href":"https:\/\/tech1.networkpa.it\/es\/wp-json\/wp\/v2\/comments?post=33731"}],"version-history":[{"count":1,"href":"https:\/\/tech1.networkpa.it\/es\/wp-json\/wp\/v2\/pages\/33731\/revisions"}],"predecessor-version":[{"id":33732,"href":"https:\/\/tech1.networkpa.it\/es\/wp-json\/wp\/v2\/pages\/33731\/revisions\/33732"}],"wp:attachment":[{"href":"https:\/\/tech1.networkpa.it\/es\/wp-json\/wp\/v2\/media?parent=33731"}],"curies":[{"name":"wp","href":"https:\/\/api.w.org\/{rel}","templated":true}]}}