{"id":31660,"date":"2023-09-22T15:00:34","date_gmt":"2023-09-22T13:00:35","guid":{"rendered":"https:\/\/www.networkpa.it\/?post_type=product&#038;p=31660"},"modified":"2023-09-27T09:04:41","modified_gmt":"2023-09-27T07:04:41","slug":"inscripcion-registros-proveedores","status":"publish","type":"product","link":"https:\/\/tech1.networkpa.it\/es\/producto\/inscripcion-registros-proveedores\/","title":{"rendered":"Suscripci\u00f3n START"},"content":{"rendered":"<p>La Suscripci\u00f3n START NetworkPA incluye:<\/p>\n<p><span style=\"color: #008000;\">\u2714<\/span> <strong>Suscripci\u00f3n \u00fanica centralizada a los Registros:<\/strong> compilaci\u00f3n de los datos de inscripci\u00f3n en la plataforma NetworkPA y replicaci\u00f3n autom\u00e1tica en <span style=\"color: #ff3b00;\"><strong>10 Registros Proveedores <\/strong><\/span> de la red de su elecci\u00f3n;<\/p>\n<p><span style=\"color: #008000;\">\u2714<\/span> <strong>Compilaci\u00f3n guiada <\/strong> artt. 94 y 95 D.Lgs. 36\/2023 &#8211; el sistema gu\u00eda al usuario en la introducci\u00f3n de los datos y certificaciones necesarios para la correcta transmisi\u00f3n de la solicitud de habilitaci\u00f3n a los Registros;<\/p>\n<p><span style=\"color: #008000;\">\u2714<\/span> <strong>Licitaciones publicadas por m\u00e1s de 1000 Estaciones Contratantes del circuito <\/strong> <span style=\"background-color: #106ebe; color: #fff; border-radius: 25px; padding: 2px 6px; font-weight: 600; font-size: 12px;\">SOLO EN NETWORKPA<\/span> &#8211; consulta en una sola pantalla de todos los anuncios p\u00fablicos publicados en el circuito y de las negociaciones reservadas a las que se solicita la participaci\u00f3n;<\/p>\n<p><span style=\"color: #008000;\">\u2714<\/span> <strong>Sistema de mensajer\u00eda<\/strong> integrado para comunicarse con las Entidades Contratantes y formular sus preguntas;<\/p>\n<p><span style=\"color: #008000;\">\u2714<\/span> <strong>Seguimiento de las habilitaciones Registros y seguimiento licitaciones<\/strong> de las inscripciones activas y gesti\u00f3n de fechas l\u00edmite de documentaci\u00f3n (solo a trav\u00e9s de la web);<\/p>\n<p>\ud83d\udd2d <strong>An\u00e1lisis Benchmark\u00a0<\/strong> <span style=\"background-color: #ff6538; color: #fff; border-radius: 25px; padding: 2px 6px; font-weight: 600; font-size: 12px;\">NUEVO<\/span> <strong>TRIAL<\/strong> (<span style=\"color: #ff3b00;\"><strong>prueba de 5 consultas limitadas a 2015<\/strong><\/span>) &#8211; descubre el potencial de realizar encuestas de mercado: buscar, filtrar y analizar los contratos de la PA, examinar la din\u00e1mica de compra, sus Clientes y los precios ofrecidos por los competidores para sus categor\u00edas de productos y servicios; adquirir\u00e1 todas las herramientas para preparar ofertas ganadoras (datos oficiales extra\u00eddos de ANAC).<\/p>\n<p>&nbsp;<\/p>\n<p><em>Caracter\u00edsticas adicionales disponibles en <a href=\"\/es\/suscripciones-networkpa\/\"><u>Suscripciones<\/u><\/a> superiores:<\/em><\/p>\n<p><span style=\"color: #666666;\">\u2716\u00a0<strong>Info Anuncios de Licitaci\u00f3n<\/strong> &#8211; b\u00fasqueda avanzada de todos los contratos publicados por fuentes italianas y europeas, como <em>MEPA, Sintel, STELLA, START, Intercent-ER, InVA, Empulia, Regione Siciliana, Sardegna CAT y TED (Anuncios europeos)<\/em>;<\/span><\/p>\n<p><span style=\"color: #666666;\">\u2716<\/span>\u00a0<span style=\"color: #666666;\"><strong>Resultados de la licitaci\u00f3n<\/strong> &#8211; seguimiento de los procedimientos de licitaci\u00f3n concluidos y sistema de filtros para el an\u00e1lisis de la evoluci\u00f3n en tiempo real del mundo de la contrataci\u00f3n;<\/span><\/p>\n<p><span style=\"color: #666666;\">\u2716 <strong>Sistema avanzado de notificaci\u00f3n:<\/strong> alerta por aplicaci\u00f3n y correo electr\u00f3nico sobre la entrada en la red de nuevas plataformas de e-Procurement, la publicaci\u00f3n de nuevas licitaciones abiertas, nuevas invitaciones a procedimientos negociados y la caducidad de documentos;<\/span><\/p>\n<p><span style=\"color: #666666;\">\u2716<\/span><strong>\u00a0<span style=\"color: #666666;\">Aplicaci\u00f3n m\u00f3vil NetworkPA:<\/span><\/strong><span style=\"color: #666666;\"> para la gesti\u00f3n de sus autorizaciones de registro y licitaciones en cualquier momento;<\/span><\/p>\n<p><span style=\"color: #666;\">\u2716 <strong>An\u00e1lisis Benchmark <\/strong>&#8211; An\u00e1lisis de contratos de la PA desde 2015 hasta la actualidad (<strong>5 consultas disponibles<\/strong> en el <a href=\"\/es\/producto\/inscripcion-registros-proveedores-info-contratacion\/\">Plan PLUS<\/a> y consulta <strong>ilimitada<\/strong> en el <a href=\"\/es\/producto\/registros-proveedores-benchmark-contratacion-publica\/\">Plan UNLIMITED<\/a> y los <a href=\"\/es\/producto\/analisis-contratacion-contratos-publicos-benchmark-pa\/\">paquetes de An\u00e1lisis Benchmark<\/a>);<\/span><\/p>\n<p><span style=\"color: #666666;\">\u2716\u00a0<strong>20% de descuento<\/strong> en todos los servicios de soporte y consultor\u00eda.<\/span><\/p>\n","protected":false},"excerpt":{"rendered":"<p>La mejor opci\u00f3n para los proveedores que quieren:<\/p>\n<p><span style=\"color: #008000;\">\u2714<\/span> Unirse de forma centralizada a <strong>n. 10<\/strong> Registros<br \/>\n<span style=\"color: #008000;\">\u2714<\/span> Acceder a <strong>nuevas oportunidades de licitaci\u00f3n y ver los anuncios de NetworkPA<\/strong><br \/>\n<span style=\"color: #008000;\">\u2714<\/span> Tener una idea del potencial del servicio <strong>An\u00e1lisis Benchmark<\/strong><\/p>\n","protected":false},"featured_media":31394,"template":"","meta":[],"product_brand":[],"product_cat":[244,245,246,247],"product_tag":[],"class_list":{"0":"post-31660","1":"product","2":"type-product","3":"status-publish","4":"has-post-thumbnail","6":"product_cat-suscripcion","7":"product_cat-registros-proveedores","8":"product_cat-liciaciones-telematicas","9":"product_cat-servicios-para-operadores-economico","11":"first","12":"outofstock","13":"sold-individually","14":"taxable","15":"shipping-taxable","16":"purchasable","17":"product-type-variable-subscription","18":"has-default-attributes"},"yoast_head":"<!-- This site is optimized with the Yoast SEO plugin v25.9 - https:\/\/yoast.com\/wordpress\/plugins\/seo\/ -->\n<title>START NetworkPA | Registro centralizado en el portal de proveedores<\/title>\n<meta name=\"description\" content=\"Aumente sus oportunidades accediendo a los procedimientos de muchos Entidades Contratantes e inscribi\u00e9ndose de forma centralizada en sus registros\" \/>\n<meta name=\"robots\" content=\"index, follow, max-snippet:-1, max-image-preview:large, max-video-preview:-1\" \/>\n<link rel=\"canonical\" href=\"https:\/\/tech1.networkpa.it\/producto\/iscrizione-albi-fornitori\/\" \/>\n<meta property=\"og:locale\" content=\"es_ES\" \/>\n<meta property=\"og:type\" content=\"article\" \/>\n<meta property=\"og:title\" content=\"START NetworkPA | Registro centralizado en el portal de proveedores\" \/>\n<meta property=\"og:description\" content=\"Aumente sus oportunidades accediendo a los procedimientos de muchos Entidades Contratantes e inscribi\u00e9ndose de forma centralizada en sus registros\" \/>\n<meta property=\"og:url\" content=\"https:\/\/tech1.networkpa.it\/producto\/iscrizione-albi-fornitori\/\" \/>\n<meta property=\"og:site_name\" content=\"NetworkPA\" \/>\n<meta property=\"article:publisher\" content=\"https:\/\/www.facebook.com\/digitalpa.srl\/\" \/>\n<meta property=\"article:modified_time\" content=\"2023-09-27T07:04:41+00:00\" \/>\n<meta property=\"og:image\" content=\"https:\/\/www.networkpa.it\/wp-content\/uploads\/2019\/06\/networkpa-promo-formazione-sett2021-1.png\" \/>\n<meta name=\"twitter:card\" content=\"summary_large_image\" \/>\n<meta name=\"twitter:image\" content=\"https:\/\/www.networkpa.it\/wp-content\/uploads\/2019\/06\/networkpa-promo-formazione-sett2021-1.png\" \/>\n<meta name=\"twitter:label1\" content=\"Est. reading time\" \/>\n\t<meta name=\"twitter:data1\" content=\"2 minutes\" \/>\n<script type=\"application\/ld+json\" class=\"yoast-schema-graph\">{\"@context\":\"https:\/\/schema.org\",\"@graph\":[{\"@type\":\"WebPage\",\"@id\":\"https:\/\/tech1.networkpa.it\/producto\/iscrizione-albi-fornitori\/\",\"url\":\"https:\/\/tech1.networkpa.it\/producto\/iscrizione-albi-fornitori\/\",\"name\":\"START NetworkPA | Registro centralizado en el portal de proveedores\",\"isPartOf\":{\"@id\":\"https:\/\/tech1.networkpa.it\/#website\"},\"primaryImageOfPage\":{\"@id\":\"https:\/\/tech1.networkpa.it\/producto\/iscrizione-albi-fornitori\/#primaryimage\"},\"image\":{\"@id\":\"https:\/\/tech1.networkpa.it\/producto\/iscrizione-albi-fornitori\/#primaryimage\"},\"thumbnailUrl\":\"https:\/\/tech1.networkpa.it\/wp-content\/uploads\/2023\/09\/abbonamento-start-networkpa.png\",\"datePublished\":\"2023-09-22T13:00:35+00:00\",\"dateModified\":\"2023-09-27T07:04:41+00:00\",\"description\":\"Aumente sus oportunidades accediendo a los procedimientos de muchos Entidades Contratantes e inscribi\u00e9ndose de forma centralizada en sus registros\",\"breadcrumb\":{\"@id\":\"https:\/\/tech1.networkpa.it\/producto\/iscrizione-albi-fornitori\/#breadcrumb\"},\"inLanguage\":\"es-ES\",\"potentialAction\":[{\"@type\":\"ReadAction\",\"target\":[\"https:\/\/tech1.networkpa.it\/producto\/iscrizione-albi-fornitori\/\"]}]},{\"@type\":\"ImageObject\",\"inLanguage\":\"es-ES\",\"@id\":\"https:\/\/tech1.networkpa.it\/producto\/iscrizione-albi-fornitori\/#primaryimage\",\"url\":\"https:\/\/tech1.networkpa.it\/wp-content\/uploads\/2023\/09\/abbonamento-start-networkpa.png\",\"contentUrl\":\"https:\/\/tech1.networkpa.it\/wp-content\/uploads\/2023\/09\/abbonamento-start-networkpa.png\",\"width\":500,\"height\":500,\"caption\":\"suscripcion-start-networkpa\"},{\"@type\":\"BreadcrumbList\",\"@id\":\"https:\/\/tech1.networkpa.it\/producto\/iscrizione-albi-fornitori\/#breadcrumb\",\"itemListElement\":[{\"@type\":\"ListItem\",\"position\":1,\"name\":\"Home\",\"item\":\"https:\/\/tech1.networkpa.it\/\"},{\"@type\":\"ListItem\",\"position\":2,\"name\":\"Prodotti\",\"item\":\"https:\/\/tech1.networkpa.it\/shop\/\"},{\"@type\":\"ListItem\",\"position\":3,\"name\":\"Suscripci\u00f3n START\"}]},{\"@type\":\"WebSite\",\"@id\":\"https:\/\/tech1.networkpa.it\/#website\",\"url\":\"https:\/\/tech1.networkpa.it\/\",\"name\":\"NetworkPA\",\"description\":\"Software e-procurement | albo fornitori iscrizione | Partecipazione gara telematica\",\"publisher\":{\"@id\":\"https:\/\/tech1.networkpa.it\/#organization\"},\"potentialAction\":[{\"@type\":\"SearchAction\",\"target\":{\"@type\":\"EntryPoint\",\"urlTemplate\":\"https:\/\/tech1.networkpa.it\/?s={search_term_string}\"},\"query-input\":{\"@type\":\"PropertyValueSpecification\",\"valueRequired\":true,\"valueName\":\"search_term_string\"}}],\"inLanguage\":\"es-ES\"},{\"@type\":\"Organization\",\"@id\":\"https:\/\/tech1.networkpa.it\/#organization\",\"name\":\"DigitalPA s.r.l\",\"url\":\"https:\/\/tech1.networkpa.it\/\",\"logo\":{\"@type\":\"ImageObject\",\"inLanguage\":\"es-ES\",\"@id\":\"https:\/\/tech1.networkpa.it\/#\/schema\/logo\/image\/\",\"url\":\"https:\/\/tech1.networkpa.it\/wp-content\/uploads\/2019\/06\/logo-digitalpa-blu-rosso-orizzontale-payoff-copia-250x.png\",\"contentUrl\":\"https:\/\/tech1.networkpa.it\/wp-content\/uploads\/2019\/06\/logo-digitalpa-blu-rosso-orizzontale-payoff-copia-250x.png\",\"width\":250,\"height\":60,\"caption\":\"DigitalPA s.r.l\"},\"image\":{\"@id\":\"https:\/\/tech1.networkpa.it\/#\/schema\/logo\/image\/\"},\"sameAs\":[\"https:\/\/www.facebook.com\/digitalpa.srl\/\",\"https:\/\/www.linkedin.com\/company\/digitalpa\/?originalSubdomain=it\",\"https:\/\/www.youtube.com\/channel\/UC67awOjGkcaH22GRWPN9R1w\"]}]}<\/script>\n<!-- \/ Yoast SEO plugin. -->","yoast_head_json":{"title":"START NetworkPA | Registro centralizado en el portal de proveedores","description":"Aumente sus oportunidades accediendo a los procedimientos de muchos Entidades Contratantes e inscribi\u00e9ndose de forma centralizada en sus registros","robots":{"index":"index","follow":"follow","max-snippet":"max-snippet:-1","max-image-preview":"max-image-preview:large","max-video-preview":"max-video-preview:-1"},"canonical":"https:\/\/tech1.networkpa.it\/producto\/iscrizione-albi-fornitori\/","og_locale":"es_ES","og_type":"article","og_title":"START NetworkPA | Registro centralizado en el portal de proveedores","og_description":"Aumente sus oportunidades accediendo a los procedimientos de muchos Entidades Contratantes e inscribi\u00e9ndose de forma centralizada en sus registros","og_url":"https:\/\/tech1.networkpa.it\/producto\/iscrizione-albi-fornitori\/","og_site_name":"NetworkPA","article_publisher":"https:\/\/www.facebook.com\/digitalpa.srl\/","article_modified_time":"2023-09-27T07:04:41+00:00","og_image":[{"url":"https:\/\/www.networkpa.it\/wp-content\/uploads\/2019\/06\/networkpa-promo-formazione-sett2021-1.png","type":"","width":"","height":""}],"twitter_card":"summary_large_image","twitter_image":"https:\/\/www.networkpa.it\/wp-content\/uploads\/2019\/06\/networkpa-promo-formazione-sett2021-1.png","twitter_misc":{"Est. reading time":"2 minutes"},"schema":{"@context":"https:\/\/schema.org","@graph":[{"@type":"WebPage","@id":"https:\/\/tech1.networkpa.it\/producto\/iscrizione-albi-fornitori\/","url":"https:\/\/tech1.networkpa.it\/producto\/iscrizione-albi-fornitori\/","name":"START NetworkPA | Registro centralizado en el portal de proveedores","isPartOf":{"@id":"https:\/\/tech1.networkpa.it\/#website"},"primaryImageOfPage":{"@id":"https:\/\/tech1.networkpa.it\/producto\/iscrizione-albi-fornitori\/#primaryimage"},"image":{"@id":"https:\/\/tech1.networkpa.it\/producto\/iscrizione-albi-fornitori\/#primaryimage"},"thumbnailUrl":"https:\/\/tech1.networkpa.it\/wp-content\/uploads\/2023\/09\/abbonamento-start-networkpa.png","datePublished":"2023-09-22T13:00:35+00:00","dateModified":"2023-09-27T07:04:41+00:00","description":"Aumente sus oportunidades accediendo a los procedimientos de muchos Entidades Contratantes e inscribi\u00e9ndose de forma centralizada en sus registros","breadcrumb":{"@id":"https:\/\/tech1.networkpa.it\/producto\/iscrizione-albi-fornitori\/#breadcrumb"},"inLanguage":"es-ES","potentialAction":[{"@type":"ReadAction","target":["https:\/\/tech1.networkpa.it\/producto\/iscrizione-albi-fornitori\/"]}]},{"@type":"ImageObject","inLanguage":"es-ES","@id":"https:\/\/tech1.networkpa.it\/producto\/iscrizione-albi-fornitori\/#primaryimage","url":"https:\/\/tech1.networkpa.it\/wp-content\/uploads\/2023\/09\/abbonamento-start-networkpa.png","contentUrl":"https:\/\/tech1.networkpa.it\/wp-content\/uploads\/2023\/09\/abbonamento-start-networkpa.png","width":500,"height":500,"caption":"suscripcion-start-networkpa"},{"@type":"BreadcrumbList","@id":"https:\/\/tech1.networkpa.it\/producto\/iscrizione-albi-fornitori\/#breadcrumb","itemListElement":[{"@type":"ListItem","position":1,"name":"Home","item":"https:\/\/tech1.networkpa.it\/"},{"@type":"ListItem","position":2,"name":"Prodotti","item":"https:\/\/tech1.networkpa.it\/shop\/"},{"@type":"ListItem","position":3,"name":"Suscripci\u00f3n START"}]},{"@type":"WebSite","@id":"https:\/\/tech1.networkpa.it\/#website","url":"https:\/\/tech1.networkpa.it\/","name":"NetworkPA","description":"Software e-procurement | albo fornitori iscrizione | Partecipazione gara telematica","publisher":{"@id":"https:\/\/tech1.networkpa.it\/#organization"},"potentialAction":[{"@type":"SearchAction","target":{"@type":"EntryPoint","urlTemplate":"https:\/\/tech1.networkpa.it\/?s={search_term_string}"},"query-input":{"@type":"PropertyValueSpecification","valueRequired":true,"valueName":"search_term_string"}}],"inLanguage":"es-ES"},{"@type":"Organization","@id":"https:\/\/tech1.networkpa.it\/#organization","name":"DigitalPA s.r.l","url":"https:\/\/tech1.networkpa.it\/","logo":{"@type":"ImageObject","inLanguage":"es-ES","@id":"https:\/\/tech1.networkpa.it\/#\/schema\/logo\/image\/","url":"https:\/\/tech1.networkpa.it\/wp-content\/uploads\/2019\/06\/logo-digitalpa-blu-rosso-orizzontale-payoff-copia-250x.png","contentUrl":"https:\/\/tech1.networkpa.it\/wp-content\/uploads\/2019\/06\/logo-digitalpa-blu-rosso-orizzontale-payoff-copia-250x.png","width":250,"height":60,"caption":"DigitalPA s.r.l"},"image":{"@id":"https:\/\/tech1.networkpa.it\/#\/schema\/logo\/image\/"},"sameAs":["https:\/\/www.facebook.com\/digitalpa.srl\/","https:\/\/www.linkedin.com\/company\/digitalpa\/?originalSubdomain=it","https:\/\/www.youtube.com\/channel\/UC67awOjGkcaH22GRWPN9R1w"]}]}},"_links":{"self":[{"href":"https:\/\/tech1.networkpa.it\/es\/wp-json\/wp\/v2\/product\/31660","targetHints":{"allow":["GET"]}}],"collection":[{"href":"https:\/\/tech1.networkpa.it\/es\/wp-json\/wp\/v2\/product"}],"about":[{"href":"https:\/\/tech1.networkpa.it\/es\/wp-json\/wp\/v2\/types\/product"}],"wp:featuredmedia":[{"embeddable":true,"href":"https:\/\/tech1.networkpa.it\/es\/wp-json\/wp\/v2\/media\/31394"}],"wp:attachment":[{"href":"https:\/\/tech1.networkpa.it\/es\/wp-json\/wp\/v2\/media?parent=31660"}],"wp:term":[{"taxonomy":"product_brand","embeddable":true,"href":"https:\/\/tech1.networkpa.it\/es\/wp-json\/wp\/v2\/product_brand?post=31660"},{"taxonomy":"product_cat","embeddable":true,"href":"https:\/\/tech1.networkpa.it\/es\/wp-json\/wp\/v2\/product_cat?post=31660"},{"taxonomy":"product_tag","embeddable":true,"href":"https:\/\/tech1.networkpa.it\/es\/wp-json\/wp\/v2\/product_tag?post=31660"}],"curies":[{"name":"wp","href":"https:\/\/api.w.org\/{rel}","templated":true}]}}