{"id":31745,"date":"2023-09-22T15:59:25","date_gmt":"2023-09-22T13:59:25","guid":{"rendered":"https:\/\/www.networkpa.it\/?post_type=product&#038;p=31745"},"modified":"2023-09-27T09:04:37","modified_gmt":"2023-09-27T07:04:37","slug":"registros-proveedores-benchmark-contratacion-publica","status":"publish","type":"product","link":"https:\/\/tech1.networkpa.it\/es\/producto\/registros-proveedores-benchmark-contratacion-publica\/","title":{"rendered":"Suscripci\u00f3n UNLIMITED"},"content":{"rendered":"<p>La Suscripci\u00f3n UNLIMITED NetworkPA incluye:<\/p>\n<p><span style=\"color: #008000;\">\u2714<\/span> <strong>Inscripci\u00f3n centralizada \u00fanica a los Registros:<\/strong> : compilaci\u00f3n de los datos de inscripci\u00f3n en la plataforma NetworkPA y replicaci\u00f3n autom\u00e1tica a los Registros Proveedores de la red seleccionados;<\/p>\n<p><span style=\"color: #008000;\">\u2714<\/span> <strong>Compilaci\u00f3n guiada <\/strong> artt. 94 y 95 D.Lgs. 36\/2023 &#8211; el sistema gu\u00eda al usuario en la introducci\u00f3n de los datos y certificaciones necesarios para la correcta transmisi\u00f3n de la solicitud de habilitaci\u00f3n a los Registros;<\/p>\n<p><span style=\"color: #008000;\">\u2714<\/span> <strong>Licitaciones publicadas por m\u00e1s de 1000 Estaciones Contratantes del circuito <\/strong> <span style=\"background-color: #106ebe; color: #fff; border-radius: 25px; padding: 2px 6px; font-weight: 600; font-size: 12px;\">SOLO EN NETWORKPA<\/span> &#8211; consulta en una sola pantalla de todos los anuncios p\u00fablicos publicados en el circuito y de las negociaciones reservadas a las que se solicita la participaci\u00f3n;<\/p>\n<p><span style=\"color: #008000;\">\u2714<\/span> <strong>Info Anuncios de Licitaci\u00f3n<\/strong> &#8211; b\u00fasqueda avanzada de todos los contratos publicados por fuentes italianes\u00a0 y europeas, como <em>MEPA, Sintel, STELLA, START, Intercent-ER, InVA, Empulia, Regione Siciliana, Sardegna CAT y TED (Anuncios europeos)<\/em>;<\/p>\n<p><span style=\"color: #008000;\">\u2714<\/span> <strong>Resultados de la licitaci\u00f3n<\/strong> &#8211; seguimiento de los procedimientos de licitaci\u00f3n concluidos y sistema de filtros para el an\u00e1lisis de la evoluci\u00f3n en tiempo real del mundo de la contrataci\u00f3n;<\/p>\n<p><span style=\"color: #008000;\">\u2714<\/span> <strong> An\u00e1lisis Benchmark<\/strong> <span style=\"background-color: #ff6538; color: #fff; border-radius: 25px; padding: 2px 6px; font-weight: 600; font-size: 12px;\">NUEVO<\/span>\u00a0 &#8211; optimiza los estudios de mercado con el acceso a la base de datos de todos los contratos confiados por la PA desde 2015 hasta hoy: examina la din\u00e1mica de compra, los competidores y los precios ofrecidos para preparar ofertas competitivas (datos oficiales extra\u00eddos de la ANAC);<\/p>\n<p><span style=\"color: #008000;\">\u2714 <\/span><strong>Sistema avanzado de notificaci\u00f3n:<\/strong> alertas por App y correo electr\u00f3nico sobre la entrada en la red de nuevas plataformas de e-Procurement, la publicaci\u00f3n de nuevas licitaciones abiertas, nuevas invitaciones a procedimientos negociados y la expiraci\u00f3n de documentos;<\/p>\n<p><span style=\"color: #008000;\">\u2714<\/span> <strong>Sistema de mensajer\u00eda<\/strong> integrado para comunicarse con las Entidades Contratantes y hacer sus propias preguntas;<\/p>\n<p><span style=\"color: #008000;\">\u2714<\/span> <strong>Seguimiento de Registros y Licitaciones<\/strong> de inscripciones activas y gesti\u00f3n de plazos de documentaci\u00f3n;<\/p>\n<p><span style=\"color: #008000;\">\u2714<\/span><strong>\u00a0Aplicaci\u00f3n m\u00f3vil NetworkPA:<\/strong> para la gesti\u00f3n de sus autorizaciones de registro y licitaciones en cualquier momento;<\/p>\n<p><span style=\"color: #008000;\">\u2714<\/span> <strong>20% de descuento<\/strong> en todos los servicios de soporte y consultor\u00eda.<\/p>\n","protected":false},"excerpt":{"rendered":"<p>La mejor opci\u00f3n para los proveedores que quieren:<\/p>\n<p><span style=\"color: #008000;\">\u2714<\/span> Acceso ilimitado a <strong>todas las funciones<\/strong> de la plataforma NetworkPA;<br \/>\n<span style=\"color: #008000;\">\u2714<\/span> Analizar los contratos para proponer <strong>mejores ofertas<\/strong> que los competidores;<br \/>\n<span style=\"color: #008000;\">\u2714<\/span> Anticipar las <strong>oportunidades de contratos<\/strong> entrantes;<br \/>\n<span style=\"color: #008000;\">\u2714<\/span> Seguimiento de <strong>Clientes<\/strong> y posicionamiento.<\/p>\n","protected":false},"featured_media":31397,"template":"","meta":[],"product_brand":[],"product_cat":[244,245,246,247],"product_tag":[],"class_list":{"0":"post-31745","1":"product","2":"type-product","3":"status-publish","4":"has-post-thumbnail","6":"product_cat-suscripcion","7":"product_cat-registros-proveedores","8":"product_cat-liciaciones-telematicas","9":"product_cat-servicios-para-operadores-economico","11":"first","12":"outofstock","13":"sold-individually","14":"taxable","15":"shipping-taxable","16":"purchasable","17":"product-type-variable-subscription","18":"has-default-attributes"},"yoast_head":"<!-- This site is optimized with the Yoast SEO plugin v25.9 - https:\/\/yoast.com\/wordpress\/plugins\/seo\/ -->\n<title>Unlimited | Utiliza toda la funcionalidad de Commmunity para proveedores<\/title>\n<meta name=\"description\" content=\"Suscr\u00edbete a NetworkPA, aumenta tus oportunidades de venta en la AP \u2713Acceso a registros \u2713Controla los contratos p\u00fablicos \u2713Controla las licitaciones\" \/>\n<meta name=\"robots\" content=\"index, follow, max-snippet:-1, max-image-preview:large, max-video-preview:-1\" \/>\n<link rel=\"canonical\" href=\"https:\/\/tech1.networkpa.it\/producto\/albi-fornitori-benchmark-appalti-pubblici\/\" \/>\n<meta property=\"og:locale\" content=\"es_ES\" \/>\n<meta property=\"og:type\" content=\"article\" \/>\n<meta property=\"og:title\" content=\"Unlimited | Utiliza toda la funcionalidad de Commmunity para proveedores\" \/>\n<meta property=\"og:description\" content=\"Suscr\u00edbete a NetworkPA, aumenta tus oportunidades de venta en la AP \u2713Acceso a registros \u2713Controla los contratos p\u00fablicos \u2713Controla las licitaciones\" \/>\n<meta property=\"og:url\" content=\"https:\/\/tech1.networkpa.it\/producto\/albi-fornitori-benchmark-appalti-pubblici\/\" \/>\n<meta property=\"og:site_name\" content=\"NetworkPA\" \/>\n<meta property=\"article:publisher\" content=\"https:\/\/www.facebook.com\/digitalpa.srl\/\" \/>\n<meta property=\"article:modified_time\" content=\"2023-09-27T07:04:37+00:00\" \/>\n<meta property=\"og:image\" content=\"https:\/\/www.networkpa.it\/wp-content\/uploads\/2019\/06\/networkpa-promo-formazione-sett2021-1.png\" \/>\n<meta name=\"twitter:card\" content=\"summary_large_image\" \/>\n<meta name=\"twitter:image\" content=\"https:\/\/www.networkpa.it\/wp-content\/uploads\/2019\/06\/networkpa-promo-formazione-sett2021-1.png\" \/>\n<meta name=\"twitter:label1\" content=\"Est. reading time\" \/>\n\t<meta name=\"twitter:data1\" content=\"2 minutes\" \/>\n<script type=\"application\/ld+json\" class=\"yoast-schema-graph\">{\"@context\":\"https:\/\/schema.org\",\"@graph\":[{\"@type\":\"WebPage\",\"@id\":\"https:\/\/tech1.networkpa.it\/producto\/albi-fornitori-benchmark-appalti-pubblici\/\",\"url\":\"https:\/\/tech1.networkpa.it\/producto\/albi-fornitori-benchmark-appalti-pubblici\/\",\"name\":\"Unlimited | Utiliza toda la funcionalidad de Commmunity para proveedores\",\"isPartOf\":{\"@id\":\"https:\/\/tech1.networkpa.it\/#website\"},\"primaryImageOfPage\":{\"@id\":\"https:\/\/tech1.networkpa.it\/producto\/albi-fornitori-benchmark-appalti-pubblici\/#primaryimage\"},\"image\":{\"@id\":\"https:\/\/tech1.networkpa.it\/producto\/albi-fornitori-benchmark-appalti-pubblici\/#primaryimage\"},\"thumbnailUrl\":\"https:\/\/tech1.networkpa.it\/wp-content\/uploads\/2023\/09\/abbonamento-unlimited-networkpa.png\",\"datePublished\":\"2023-09-22T13:59:25+00:00\",\"dateModified\":\"2023-09-27T07:04:37+00:00\",\"description\":\"Suscr\u00edbete a NetworkPA, aumenta tus oportunidades de venta en la AP \u2713Acceso a registros \u2713Controla los contratos p\u00fablicos \u2713Controla las licitaciones\",\"breadcrumb\":{\"@id\":\"https:\/\/tech1.networkpa.it\/producto\/albi-fornitori-benchmark-appalti-pubblici\/#breadcrumb\"},\"inLanguage\":\"es-ES\",\"potentialAction\":[{\"@type\":\"ReadAction\",\"target\":[\"https:\/\/tech1.networkpa.it\/producto\/albi-fornitori-benchmark-appalti-pubblici\/\"]}]},{\"@type\":\"ImageObject\",\"inLanguage\":\"es-ES\",\"@id\":\"https:\/\/tech1.networkpa.it\/producto\/albi-fornitori-benchmark-appalti-pubblici\/#primaryimage\",\"url\":\"https:\/\/tech1.networkpa.it\/wp-content\/uploads\/2023\/09\/abbonamento-unlimited-networkpa.png\",\"contentUrl\":\"https:\/\/tech1.networkpa.it\/wp-content\/uploads\/2023\/09\/abbonamento-unlimited-networkpa.png\",\"width\":500,\"height\":500,\"caption\":\"subscripcion-unlimited-networkpa\"},{\"@type\":\"BreadcrumbList\",\"@id\":\"https:\/\/tech1.networkpa.it\/producto\/albi-fornitori-benchmark-appalti-pubblici\/#breadcrumb\",\"itemListElement\":[{\"@type\":\"ListItem\",\"position\":1,\"name\":\"Home\",\"item\":\"https:\/\/tech1.networkpa.it\/\"},{\"@type\":\"ListItem\",\"position\":2,\"name\":\"Prodotti\",\"item\":\"https:\/\/tech1.networkpa.it\/shop\/\"},{\"@type\":\"ListItem\",\"position\":3,\"name\":\"Suscripci\u00f3n UNLIMITED\"}]},{\"@type\":\"WebSite\",\"@id\":\"https:\/\/tech1.networkpa.it\/#website\",\"url\":\"https:\/\/tech1.networkpa.it\/\",\"name\":\"NetworkPA\",\"description\":\"Software e-procurement | albo fornitori iscrizione | Partecipazione gara telematica\",\"publisher\":{\"@id\":\"https:\/\/tech1.networkpa.it\/#organization\"},\"potentialAction\":[{\"@type\":\"SearchAction\",\"target\":{\"@type\":\"EntryPoint\",\"urlTemplate\":\"https:\/\/tech1.networkpa.it\/?s={search_term_string}\"},\"query-input\":{\"@type\":\"PropertyValueSpecification\",\"valueRequired\":true,\"valueName\":\"search_term_string\"}}],\"inLanguage\":\"es-ES\"},{\"@type\":\"Organization\",\"@id\":\"https:\/\/tech1.networkpa.it\/#organization\",\"name\":\"DigitalPA s.r.l\",\"url\":\"https:\/\/tech1.networkpa.it\/\",\"logo\":{\"@type\":\"ImageObject\",\"inLanguage\":\"es-ES\",\"@id\":\"https:\/\/tech1.networkpa.it\/#\/schema\/logo\/image\/\",\"url\":\"https:\/\/tech1.networkpa.it\/wp-content\/uploads\/2019\/06\/logo-digitalpa-blu-rosso-orizzontale-payoff-copia-250x.png\",\"contentUrl\":\"https:\/\/tech1.networkpa.it\/wp-content\/uploads\/2019\/06\/logo-digitalpa-blu-rosso-orizzontale-payoff-copia-250x.png\",\"width\":250,\"height\":60,\"caption\":\"DigitalPA s.r.l\"},\"image\":{\"@id\":\"https:\/\/tech1.networkpa.it\/#\/schema\/logo\/image\/\"},\"sameAs\":[\"https:\/\/www.facebook.com\/digitalpa.srl\/\",\"https:\/\/www.linkedin.com\/company\/digitalpa\/?originalSubdomain=it\",\"https:\/\/www.youtube.com\/channel\/UC67awOjGkcaH22GRWPN9R1w\"]}]}<\/script>\n<!-- \/ Yoast SEO plugin. -->","yoast_head_json":{"title":"Unlimited | Utiliza toda la funcionalidad de Commmunity para proveedores","description":"Suscr\u00edbete a NetworkPA, aumenta tus oportunidades de venta en la AP \u2713Acceso a registros \u2713Controla los contratos p\u00fablicos \u2713Controla las licitaciones","robots":{"index":"index","follow":"follow","max-snippet":"max-snippet:-1","max-image-preview":"max-image-preview:large","max-video-preview":"max-video-preview:-1"},"canonical":"https:\/\/tech1.networkpa.it\/producto\/albi-fornitori-benchmark-appalti-pubblici\/","og_locale":"es_ES","og_type":"article","og_title":"Unlimited | Utiliza toda la funcionalidad de Commmunity para proveedores","og_description":"Suscr\u00edbete a NetworkPA, aumenta tus oportunidades de venta en la AP \u2713Acceso a registros \u2713Controla los contratos p\u00fablicos \u2713Controla las licitaciones","og_url":"https:\/\/tech1.networkpa.it\/producto\/albi-fornitori-benchmark-appalti-pubblici\/","og_site_name":"NetworkPA","article_publisher":"https:\/\/www.facebook.com\/digitalpa.srl\/","article_modified_time":"2023-09-27T07:04:37+00:00","og_image":[{"url":"https:\/\/www.networkpa.it\/wp-content\/uploads\/2019\/06\/networkpa-promo-formazione-sett2021-1.png","type":"","width":"","height":""}],"twitter_card":"summary_large_image","twitter_image":"https:\/\/www.networkpa.it\/wp-content\/uploads\/2019\/06\/networkpa-promo-formazione-sett2021-1.png","twitter_misc":{"Est. reading time":"2 minutes"},"schema":{"@context":"https:\/\/schema.org","@graph":[{"@type":"WebPage","@id":"https:\/\/tech1.networkpa.it\/producto\/albi-fornitori-benchmark-appalti-pubblici\/","url":"https:\/\/tech1.networkpa.it\/producto\/albi-fornitori-benchmark-appalti-pubblici\/","name":"Unlimited | Utiliza toda la funcionalidad de Commmunity para proveedores","isPartOf":{"@id":"https:\/\/tech1.networkpa.it\/#website"},"primaryImageOfPage":{"@id":"https:\/\/tech1.networkpa.it\/producto\/albi-fornitori-benchmark-appalti-pubblici\/#primaryimage"},"image":{"@id":"https:\/\/tech1.networkpa.it\/producto\/albi-fornitori-benchmark-appalti-pubblici\/#primaryimage"},"thumbnailUrl":"https:\/\/tech1.networkpa.it\/wp-content\/uploads\/2023\/09\/abbonamento-unlimited-networkpa.png","datePublished":"2023-09-22T13:59:25+00:00","dateModified":"2023-09-27T07:04:37+00:00","description":"Suscr\u00edbete a NetworkPA, aumenta tus oportunidades de venta en la AP \u2713Acceso a registros \u2713Controla los contratos p\u00fablicos \u2713Controla las licitaciones","breadcrumb":{"@id":"https:\/\/tech1.networkpa.it\/producto\/albi-fornitori-benchmark-appalti-pubblici\/#breadcrumb"},"inLanguage":"es-ES","potentialAction":[{"@type":"ReadAction","target":["https:\/\/tech1.networkpa.it\/producto\/albi-fornitori-benchmark-appalti-pubblici\/"]}]},{"@type":"ImageObject","inLanguage":"es-ES","@id":"https:\/\/tech1.networkpa.it\/producto\/albi-fornitori-benchmark-appalti-pubblici\/#primaryimage","url":"https:\/\/tech1.networkpa.it\/wp-content\/uploads\/2023\/09\/abbonamento-unlimited-networkpa.png","contentUrl":"https:\/\/tech1.networkpa.it\/wp-content\/uploads\/2023\/09\/abbonamento-unlimited-networkpa.png","width":500,"height":500,"caption":"subscripcion-unlimited-networkpa"},{"@type":"BreadcrumbList","@id":"https:\/\/tech1.networkpa.it\/producto\/albi-fornitori-benchmark-appalti-pubblici\/#breadcrumb","itemListElement":[{"@type":"ListItem","position":1,"name":"Home","item":"https:\/\/tech1.networkpa.it\/"},{"@type":"ListItem","position":2,"name":"Prodotti","item":"https:\/\/tech1.networkpa.it\/shop\/"},{"@type":"ListItem","position":3,"name":"Suscripci\u00f3n UNLIMITED"}]},{"@type":"WebSite","@id":"https:\/\/tech1.networkpa.it\/#website","url":"https:\/\/tech1.networkpa.it\/","name":"NetworkPA","description":"Software e-procurement | albo fornitori iscrizione | Partecipazione gara telematica","publisher":{"@id":"https:\/\/tech1.networkpa.it\/#organization"},"potentialAction":[{"@type":"SearchAction","target":{"@type":"EntryPoint","urlTemplate":"https:\/\/tech1.networkpa.it\/?s={search_term_string}"},"query-input":{"@type":"PropertyValueSpecification","valueRequired":true,"valueName":"search_term_string"}}],"inLanguage":"es-ES"},{"@type":"Organization","@id":"https:\/\/tech1.networkpa.it\/#organization","name":"DigitalPA s.r.l","url":"https:\/\/tech1.networkpa.it\/","logo":{"@type":"ImageObject","inLanguage":"es-ES","@id":"https:\/\/tech1.networkpa.it\/#\/schema\/logo\/image\/","url":"https:\/\/tech1.networkpa.it\/wp-content\/uploads\/2019\/06\/logo-digitalpa-blu-rosso-orizzontale-payoff-copia-250x.png","contentUrl":"https:\/\/tech1.networkpa.it\/wp-content\/uploads\/2019\/06\/logo-digitalpa-blu-rosso-orizzontale-payoff-copia-250x.png","width":250,"height":60,"caption":"DigitalPA s.r.l"},"image":{"@id":"https:\/\/tech1.networkpa.it\/#\/schema\/logo\/image\/"},"sameAs":["https:\/\/www.facebook.com\/digitalpa.srl\/","https:\/\/www.linkedin.com\/company\/digitalpa\/?originalSubdomain=it","https:\/\/www.youtube.com\/channel\/UC67awOjGkcaH22GRWPN9R1w"]}]}},"_links":{"self":[{"href":"https:\/\/tech1.networkpa.it\/es\/wp-json\/wp\/v2\/product\/31745","targetHints":{"allow":["GET"]}}],"collection":[{"href":"https:\/\/tech1.networkpa.it\/es\/wp-json\/wp\/v2\/product"}],"about":[{"href":"https:\/\/tech1.networkpa.it\/es\/wp-json\/wp\/v2\/types\/product"}],"wp:featuredmedia":[{"embeddable":true,"href":"https:\/\/tech1.networkpa.it\/es\/wp-json\/wp\/v2\/media\/31397"}],"wp:attachment":[{"href":"https:\/\/tech1.networkpa.it\/es\/wp-json\/wp\/v2\/media?parent=31745"}],"wp:term":[{"taxonomy":"product_brand","embeddable":true,"href":"https:\/\/tech1.networkpa.it\/es\/wp-json\/wp\/v2\/product_brand?post=31745"},{"taxonomy":"product_cat","embeddable":true,"href":"https:\/\/tech1.networkpa.it\/es\/wp-json\/wp\/v2\/product_cat?post=31745"},{"taxonomy":"product_tag","embeddable":true,"href":"https:\/\/tech1.networkpa.it\/es\/wp-json\/wp\/v2\/product_tag?post=31745"}],"curies":[{"name":"wp","href":"https:\/\/api.w.org\/{rel}","templated":true}]}}