{"id":31800,"date":"2023-09-22T16:45:59","date_gmt":"2023-09-27T07:04:35","guid":{"rendered":"https:\/\/www.networkpa.it\/?post_type=product&#038;p=31800"},"modified":"2023-12-11T14:48:08","modified_gmt":"2023-12-11T13:48:08","slug":"analisis-contratacion-contratos-publicos-benchmark-pa","status":"publish","type":"product","link":"https:\/\/tech1.networkpa.it\/es\/producto\/analisis-contratacion-contratos-publicos-benchmark-pa\/","title":{"rendered":"Paquetes An\u00e1lisis Benchmark"},"content":{"rendered":"<p>Los paquetes Benchmark NetworkPA incluyen:<\/p>\n<p><span style=\"color: #008000;\">\u2714<\/span>\u00a0<strong>B\u00fasquedas ilimitadas<\/strong> en la base de datos de m\u00e1s de 26 millones de contratos p\u00fablicos desde 2015 hasta la fecha, durante la duraci\u00f3n del paquete;<\/p>\n<p><span style=\"color: #008000;\">\u2714 <\/span>Informaci\u00f3n sobre los contratos que vencen;<\/p>\n<p><span style=\"color: #008000;\">\u2714\u00a0<\/span><strong>Detalles de los contratos<\/strong> (importes liquidadas) y participantes;<\/p>\n<p><span style=\"color: #008000;\">\u2714\u00a0\u00a0<\/span>Informaci\u00f3n sobre <strong>la adjudicaci\u00f3n de contratos<\/strong>;<\/p>\n<p><span style=\"color: #008000;\">\u2714\u00a0 <\/span>Informaci\u00f3n sobre la adjudicaci\u00f3n de contratos a los operadores econ\u00f3micos. Los paquetes <strong>se pueden comprar individualmente o adem\u00e1s de las suscripciones NetworkPA Free, Start y Plus<\/strong> (Unlimited ya incluye el paquete An\u00e1lisis Benchmark anual).<\/p>\n","protected":false},"excerpt":{"rendered":"<p>Los paquetes An\u00e1lisis Benchmark permiten realizar <strong>encuestas de mercado<\/strong> sobre <strong>contratos p\u00fablicos<\/strong>. <strong>Gracias a un motor de b\u00fasqueda innovador y de alto rendimiento, en pocos instantes podr\u00e1s ver las confianzas<\/strong>. El <strong>servicio es indispensable<\/strong> para estar siempre un paso por delante de la concurrencia y tener m\u00e1s informaci\u00f3n sobre los contratos que expiran.<\/p>\n","protected":false},"featured_media":44013,"template":"","meta":[],"product_brand":[],"product_cat":[244,245,246,247],"product_tag":[],"class_list":{"0":"post-31800","1":"product","2":"type-product","3":"status-publish","4":"has-post-thumbnail","6":"product_cat-suscripcion","7":"product_cat-registros-proveedores","8":"product_cat-liciaciones-telematicas","9":"product_cat-servicios-para-operadores-economico","11":"first","12":"outofstock","13":"sold-individually","14":"taxable","15":"shipping-taxable","16":"purchasable","17":"product-type-variable-subscription"},"yoast_head":"<!-- This site is optimized with the Yoast SEO plugin v25.9 - https:\/\/yoast.com\/wordpress\/plugins\/seo\/ -->\n<title>Paquetes An\u00e1lisis Benchmark - NetworkPA<\/title>\n<meta name=\"description\" content=\"Suscr\u00edbete a NetworkPA, aumenta las oportunidades inscribi\u00e9ndote de manera centralizada a Registros de Entidades Contratantes y accediendo a licitationes\" \/>\n<meta name=\"robots\" content=\"index, follow, max-snippet:-1, max-image-preview:large, max-video-preview:-1\" \/>\n<link rel=\"canonical\" href=\"https:\/\/tech1.networkpa.it\/producto\/analisi-appalti-contratti-pubblici-benchmark-pa\/\" \/>\n<meta property=\"og:locale\" content=\"es_ES\" \/>\n<meta property=\"og:type\" content=\"article\" \/>\n<meta property=\"og:title\" content=\"Paquetes An\u00e1lisis Benchmark - NetworkPA\" \/>\n<meta property=\"og:description\" content=\"Suscr\u00edbete a NetworkPA, aumenta las oportunidades inscribi\u00e9ndote de manera centralizada a Registros de Entidades Contratantes y accediendo a licitationes\" \/>\n<meta property=\"og:url\" content=\"https:\/\/tech1.networkpa.it\/producto\/analisi-appalti-contratti-pubblici-benchmark-pa\/\" \/>\n<meta property=\"og:site_name\" content=\"NetworkPA\" \/>\n<meta property=\"article:publisher\" content=\"https:\/\/www.facebook.com\/digitalpa.srl\/\" \/>\n<meta property=\"article:modified_time\" content=\"2023-12-11T13:48:08+00:00\" \/>\n<meta property=\"og:image\" content=\"https:\/\/tech1.networkpa.it\/wp-content\/uploads\/2023\/09\/analisi-benchmark-pubblica-amministrazione-.png\" \/>\n\t<meta property=\"og:image:width\" content=\"500\" \/>\n\t<meta property=\"og:image:height\" content=\"500\" \/>\n\t<meta property=\"og:image:type\" content=\"image\/png\" \/>\n<meta name=\"twitter:card\" content=\"summary_large_image\" \/>\n<script type=\"application\/ld+json\" class=\"yoast-schema-graph\">{\"@context\":\"https:\/\/schema.org\",\"@graph\":[{\"@type\":\"WebPage\",\"@id\":\"https:\/\/tech1.networkpa.it\/producto\/analisi-appalti-contratti-pubblici-benchmark-pa\/\",\"url\":\"https:\/\/tech1.networkpa.it\/producto\/analisi-appalti-contratti-pubblici-benchmark-pa\/\",\"name\":\"Paquetes An\u00e1lisis Benchmark - NetworkPA\",\"isPartOf\":{\"@id\":\"https:\/\/tech1.networkpa.it\/#website\"},\"primaryImageOfPage\":{\"@id\":\"https:\/\/tech1.networkpa.it\/producto\/analisi-appalti-contratti-pubblici-benchmark-pa\/#primaryimage\"},\"image\":{\"@id\":\"https:\/\/tech1.networkpa.it\/producto\/analisi-appalti-contratti-pubblici-benchmark-pa\/#primaryimage\"},\"thumbnailUrl\":\"https:\/\/tech1.networkpa.it\/wp-content\/uploads\/2023\/09\/analisi-benchmark-pubblica-amministrazione-.png\",\"datePublished\":\"2023-09-27T07:04:35+00:00\",\"dateModified\":\"2023-12-11T13:48:08+00:00\",\"description\":\"Suscr\u00edbete a NetworkPA, aumenta las oportunidades inscribi\u00e9ndote de manera centralizada a Registros de Entidades Contratantes y accediendo a licitationes\",\"breadcrumb\":{\"@id\":\"https:\/\/tech1.networkpa.it\/producto\/analisi-appalti-contratti-pubblici-benchmark-pa\/#breadcrumb\"},\"inLanguage\":\"es-ES\",\"potentialAction\":[{\"@type\":\"ReadAction\",\"target\":[\"https:\/\/tech1.networkpa.it\/producto\/analisi-appalti-contratti-pubblici-benchmark-pa\/\"]}]},{\"@type\":\"ImageObject\",\"inLanguage\":\"es-ES\",\"@id\":\"https:\/\/tech1.networkpa.it\/producto\/analisi-appalti-contratti-pubblici-benchmark-pa\/#primaryimage\",\"url\":\"https:\/\/tech1.networkpa.it\/wp-content\/uploads\/2023\/09\/analisi-benchmark-pubblica-amministrazione-.png\",\"contentUrl\":\"https:\/\/tech1.networkpa.it\/wp-content\/uploads\/2023\/09\/analisi-benchmark-pubblica-amministrazione-.png\",\"width\":500,\"height\":500,\"caption\":\"analisi-esiti-di-gara-pubblica-amministrazione-\"},{\"@type\":\"BreadcrumbList\",\"@id\":\"https:\/\/tech1.networkpa.it\/producto\/analisi-appalti-contratti-pubblici-benchmark-pa\/#breadcrumb\",\"itemListElement\":[{\"@type\":\"ListItem\",\"position\":1,\"name\":\"Home\",\"item\":\"https:\/\/tech1.networkpa.it\/\"},{\"@type\":\"ListItem\",\"position\":2,\"name\":\"Prodotti\",\"item\":\"https:\/\/tech1.networkpa.it\/shop\/\"},{\"@type\":\"ListItem\",\"position\":3,\"name\":\"Paquetes An\u00e1lisis Benchmark\"}]},{\"@type\":\"WebSite\",\"@id\":\"https:\/\/tech1.networkpa.it\/#website\",\"url\":\"https:\/\/tech1.networkpa.it\/\",\"name\":\"NetworkPA\",\"description\":\"Software e-procurement | albo fornitori iscrizione | Partecipazione gara telematica\",\"publisher\":{\"@id\":\"https:\/\/tech1.networkpa.it\/#organization\"},\"potentialAction\":[{\"@type\":\"SearchAction\",\"target\":{\"@type\":\"EntryPoint\",\"urlTemplate\":\"https:\/\/tech1.networkpa.it\/?s={search_term_string}\"},\"query-input\":{\"@type\":\"PropertyValueSpecification\",\"valueRequired\":true,\"valueName\":\"search_term_string\"}}],\"inLanguage\":\"es-ES\"},{\"@type\":\"Organization\",\"@id\":\"https:\/\/tech1.networkpa.it\/#organization\",\"name\":\"DigitalPA s.r.l\",\"url\":\"https:\/\/tech1.networkpa.it\/\",\"logo\":{\"@type\":\"ImageObject\",\"inLanguage\":\"es-ES\",\"@id\":\"https:\/\/tech1.networkpa.it\/#\/schema\/logo\/image\/\",\"url\":\"https:\/\/tech1.networkpa.it\/wp-content\/uploads\/2019\/06\/logo-digitalpa-blu-rosso-orizzontale-payoff-copia-250x.png\",\"contentUrl\":\"https:\/\/tech1.networkpa.it\/wp-content\/uploads\/2019\/06\/logo-digitalpa-blu-rosso-orizzontale-payoff-copia-250x.png\",\"width\":250,\"height\":60,\"caption\":\"DigitalPA s.r.l\"},\"image\":{\"@id\":\"https:\/\/tech1.networkpa.it\/#\/schema\/logo\/image\/\"},\"sameAs\":[\"https:\/\/www.facebook.com\/digitalpa.srl\/\",\"https:\/\/www.linkedin.com\/company\/digitalpa\/?originalSubdomain=it\",\"https:\/\/www.youtube.com\/channel\/UC67awOjGkcaH22GRWPN9R1w\"]}]}<\/script>\n<!-- \/ Yoast SEO plugin. -->","yoast_head_json":{"title":"Paquetes An\u00e1lisis Benchmark - NetworkPA","description":"Suscr\u00edbete a NetworkPA, aumenta las oportunidades inscribi\u00e9ndote de manera centralizada a Registros de Entidades Contratantes y accediendo a licitationes","robots":{"index":"index","follow":"follow","max-snippet":"max-snippet:-1","max-image-preview":"max-image-preview:large","max-video-preview":"max-video-preview:-1"},"canonical":"https:\/\/tech1.networkpa.it\/producto\/analisi-appalti-contratti-pubblici-benchmark-pa\/","og_locale":"es_ES","og_type":"article","og_title":"Paquetes An\u00e1lisis Benchmark - NetworkPA","og_description":"Suscr\u00edbete a NetworkPA, aumenta las oportunidades inscribi\u00e9ndote de manera centralizada a Registros de Entidades Contratantes y accediendo a licitationes","og_url":"https:\/\/tech1.networkpa.it\/producto\/analisi-appalti-contratti-pubblici-benchmark-pa\/","og_site_name":"NetworkPA","article_publisher":"https:\/\/www.facebook.com\/digitalpa.srl\/","article_modified_time":"2023-12-11T13:48:08+00:00","og_image":[{"width":500,"height":500,"url":"https:\/\/tech1.networkpa.it\/wp-content\/uploads\/2023\/09\/analisi-benchmark-pubblica-amministrazione-.png","type":"image\/png"}],"twitter_card":"summary_large_image","schema":{"@context":"https:\/\/schema.org","@graph":[{"@type":"WebPage","@id":"https:\/\/tech1.networkpa.it\/producto\/analisi-appalti-contratti-pubblici-benchmark-pa\/","url":"https:\/\/tech1.networkpa.it\/producto\/analisi-appalti-contratti-pubblici-benchmark-pa\/","name":"Paquetes An\u00e1lisis Benchmark - NetworkPA","isPartOf":{"@id":"https:\/\/tech1.networkpa.it\/#website"},"primaryImageOfPage":{"@id":"https:\/\/tech1.networkpa.it\/producto\/analisi-appalti-contratti-pubblici-benchmark-pa\/#primaryimage"},"image":{"@id":"https:\/\/tech1.networkpa.it\/producto\/analisi-appalti-contratti-pubblici-benchmark-pa\/#primaryimage"},"thumbnailUrl":"https:\/\/tech1.networkpa.it\/wp-content\/uploads\/2023\/09\/analisi-benchmark-pubblica-amministrazione-.png","datePublished":"2023-09-27T07:04:35+00:00","dateModified":"2023-12-11T13:48:08+00:00","description":"Suscr\u00edbete a NetworkPA, aumenta las oportunidades inscribi\u00e9ndote de manera centralizada a Registros de Entidades Contratantes y accediendo a licitationes","breadcrumb":{"@id":"https:\/\/tech1.networkpa.it\/producto\/analisi-appalti-contratti-pubblici-benchmark-pa\/#breadcrumb"},"inLanguage":"es-ES","potentialAction":[{"@type":"ReadAction","target":["https:\/\/tech1.networkpa.it\/producto\/analisi-appalti-contratti-pubblici-benchmark-pa\/"]}]},{"@type":"ImageObject","inLanguage":"es-ES","@id":"https:\/\/tech1.networkpa.it\/producto\/analisi-appalti-contratti-pubblici-benchmark-pa\/#primaryimage","url":"https:\/\/tech1.networkpa.it\/wp-content\/uploads\/2023\/09\/analisi-benchmark-pubblica-amministrazione-.png","contentUrl":"https:\/\/tech1.networkpa.it\/wp-content\/uploads\/2023\/09\/analisi-benchmark-pubblica-amministrazione-.png","width":500,"height":500,"caption":"analisi-esiti-di-gara-pubblica-amministrazione-"},{"@type":"BreadcrumbList","@id":"https:\/\/tech1.networkpa.it\/producto\/analisi-appalti-contratti-pubblici-benchmark-pa\/#breadcrumb","itemListElement":[{"@type":"ListItem","position":1,"name":"Home","item":"https:\/\/tech1.networkpa.it\/"},{"@type":"ListItem","position":2,"name":"Prodotti","item":"https:\/\/tech1.networkpa.it\/shop\/"},{"@type":"ListItem","position":3,"name":"Paquetes An\u00e1lisis Benchmark"}]},{"@type":"WebSite","@id":"https:\/\/tech1.networkpa.it\/#website","url":"https:\/\/tech1.networkpa.it\/","name":"NetworkPA","description":"Software e-procurement | albo fornitori iscrizione | Partecipazione gara telematica","publisher":{"@id":"https:\/\/tech1.networkpa.it\/#organization"},"potentialAction":[{"@type":"SearchAction","target":{"@type":"EntryPoint","urlTemplate":"https:\/\/tech1.networkpa.it\/?s={search_term_string}"},"query-input":{"@type":"PropertyValueSpecification","valueRequired":true,"valueName":"search_term_string"}}],"inLanguage":"es-ES"},{"@type":"Organization","@id":"https:\/\/tech1.networkpa.it\/#organization","name":"DigitalPA s.r.l","url":"https:\/\/tech1.networkpa.it\/","logo":{"@type":"ImageObject","inLanguage":"es-ES","@id":"https:\/\/tech1.networkpa.it\/#\/schema\/logo\/image\/","url":"https:\/\/tech1.networkpa.it\/wp-content\/uploads\/2019\/06\/logo-digitalpa-blu-rosso-orizzontale-payoff-copia-250x.png","contentUrl":"https:\/\/tech1.networkpa.it\/wp-content\/uploads\/2019\/06\/logo-digitalpa-blu-rosso-orizzontale-payoff-copia-250x.png","width":250,"height":60,"caption":"DigitalPA s.r.l"},"image":{"@id":"https:\/\/tech1.networkpa.it\/#\/schema\/logo\/image\/"},"sameAs":["https:\/\/www.facebook.com\/digitalpa.srl\/","https:\/\/www.linkedin.com\/company\/digitalpa\/?originalSubdomain=it","https:\/\/www.youtube.com\/channel\/UC67awOjGkcaH22GRWPN9R1w"]}]}},"_links":{"self":[{"href":"https:\/\/tech1.networkpa.it\/es\/wp-json\/wp\/v2\/product\/31800","targetHints":{"allow":["GET"]}}],"collection":[{"href":"https:\/\/tech1.networkpa.it\/es\/wp-json\/wp\/v2\/product"}],"about":[{"href":"https:\/\/tech1.networkpa.it\/es\/wp-json\/wp\/v2\/types\/product"}],"wp:featuredmedia":[{"embeddable":true,"href":"https:\/\/tech1.networkpa.it\/es\/wp-json\/wp\/v2\/media\/44013"}],"wp:attachment":[{"href":"https:\/\/tech1.networkpa.it\/es\/wp-json\/wp\/v2\/media?parent=31800"}],"wp:term":[{"taxonomy":"product_brand","embeddable":true,"href":"https:\/\/tech1.networkpa.it\/es\/wp-json\/wp\/v2\/product_brand?post=31800"},{"taxonomy":"product_cat","embeddable":true,"href":"https:\/\/tech1.networkpa.it\/es\/wp-json\/wp\/v2\/product_cat?post=31800"},{"taxonomy":"product_tag","embeddable":true,"href":"https:\/\/tech1.networkpa.it\/es\/wp-json\/wp\/v2\/product_tag?post=31800"}],"curies":[{"name":"wp","href":"https:\/\/api.w.org\/{rel}","templated":true}]}}