{"id":9381,"date":"2019-06-27T10:29:43","date_gmt":"2019-06-27T08:29:43","guid":{"rendered":"https:\/\/www.networkpa.it\/prodotto\/abbonamento-iscrizione-unica\/"},"modified":"2023-09-28T09:37:23","modified_gmt":"2023-09-28T07:37:23","slug":"inscripcion-registros-proveedores-info-contratacion","status":"publish","type":"product","link":"https:\/\/tech1.networkpa.it\/es\/producto\/inscripcion-registros-proveedores-info-contratacion\/","title":{"rendered":"Suscripci\u00f3n PLUS"},"content":{"rendered":"<p>La suscripci\u00f3n PLUS a NetworkPA incluye:<\/p>\n<p><span style=\"color: #008000;\">\u2714<\/span> <strong>Inscripci\u00f3n centralizada \u00fanica a los Registros Proveedores:<\/strong> ccompilaci\u00f3n de los datos de inscripci\u00f3n en la plataforma NetworkPA y replicaci\u00f3n autom\u00e1tica a los Registros Proveedores de la red seleccionadas;<br \/>\n<span style=\"color: #008000;\">\u2714<\/span> <strong>Compilaci\u00f3n guiada <\/strong> artt. 94 y 95 D.Lgs. 36\/2023 &#8211; el sistema gu\u00eda al usuario en la introducci\u00f3n de los datos y certificaciones necesarios para la correcta transmisi\u00f3n de la solicitud de habilitaci\u00f3n a los Registros;<br \/>\n<span style=\"color: #008000;\">\u2714<\/span> <strong>Licitaciones publicadas por m\u00e1s de 1000 Estaciones Contratantes del circuito <\/strong> <span style=\"background-color: #106ebe; color: #fff; border-radius: 25px; padding: 2px 6px; font-weight: 600; font-size: 12px;\">SOLO EN NETWORKPA<\/span> &#8211; consulta en una sola pantalla de todos los anuncios p\u00fablicos publicados en el circuito y de las negociaciones reservadas a las que se solicita la participaci\u00f3n;<br \/>\n<span style=\"color: #008000;\">\u2714<\/span> <strong>Info Anuncios de Licitaci\u00f3n<\/strong> &#8211; b\u00fasqueda avanzada de todos los contratos publicados por fuentes nacionales, regionales y europeas, como <em>MEPA, Sintel, STELLA, START, Intercent-ER, InVA, Empulia, Regione Siciliana, Sardegna CAT y TED (Anuncios europeos)<\/em>;<br \/>\n<span style=\"color: #008000;\">\u2714<\/span> <strong>Resultados de la licitaci\u00f3n <\/strong> &#8211; seguimiento de los procedimientos de licitaci\u00f3n concluidos y sistema de filtros para el an\u00e1lisis de la evoluci\u00f3n en tiempo real del mundo de la contrataci\u00f3n;<br \/>\n<span style=\"color: #008000;\">\u2714 <\/span><strong>Sistema avanzado de notificaci\u00f3n:<\/strong> alerta por App y correo electr\u00f3nico sobre la entrada en la red de nuevas plataformas de e-Procurement y Registros Proveedores, la publicaci\u00f3n de nuevas licitaciones abiertas, nuevas invitaciones a procedimientos negociados y la expiraci\u00f3n de documentos;<br \/>\n<span style=\"color: #008000;\">\u2714<\/span> <strong>Sistema de mensajer\u00eda<\/strong> integrado para comunicarse con las Entidades Contratantes;<br \/>\n<span style=\"color: #008000;\">\u2714<\/span> <strong>Supervisi\u00f3n de la habilitaci\u00f3n de los Contratos y participaci\u00f3n Licitaciones,<\/strong> gesti\u00f3n de los plazos documentales;<br \/>\n<span style=\"color: #008000;\">\u2714<\/span><strong>\u00a0Aplicaci\u00f3n m\u00f3vil NetworkPA:<\/strong> para la gesti\u00f3n de sus habilitaciones de registro y licitaciones en cualquier momento;<br \/>\n<span style=\"color: #008000;\">\u2714<\/span> <strong>20% de descuento<\/strong> en todos los servicios de soporte y consultor\u00eda;<br \/>\n\ud83d\udd2d\u00a0<strong>An\u00e1lisis Benchmark<\/strong> <span style=\"background-color: #ff6538; color: #fff; border-radius: 25px; padding: 2px 6px; font-weight: 600; font-size: 12px;\">NUEVO<\/span> <strong>TRIAL<\/strong> (<u>5 consultas<\/u>) &#8211; <strong>prueba<\/strong> el potencial de las encuestas de mercado con el acceso a la base de datos de todos los contratos confiados por la PA desde 2015 hasta hoy: examina la din\u00e1mica de compra, los competidores y los precios ofrecidos para preparar ofertas competitivas (datos oficiales extra\u00eddos de la ANAC).<\/p>\n<p><em>Versi\u00f3n ilimitada en el <a style=\"color: #106ebe;\" href=\"\/es\/producto\/registros-proveedores-benchmark-contratacion-publica\/\"><u>Plan UNLIMITED<\/u><\/a> o en los <a style=\"color: #106ebe;\" href=\"\/es\/producto\/analisis-contratacion-contratos-publicos-benchmark-pa\/\"><u>paquetes individuales de An\u00e1lisis Benchmark.<\/u><\/a><\/em><\/p>\n","protected":false},"excerpt":{"rendered":"<p>La mejor opci\u00f3n para los proveedores que desean:<\/p>\n<p><strong><span style=\"color: #008000;\">\u2714 <\/span>Inscribirse de forma centralizada<\/strong> en todos los registros de proveedores<br \/>\n<strong><span style=\"color: #008000;\">\u2714 <\/span>Acceder a oportunidades de licitaci\u00f3n<\/strong>, buscar licitaciones italianas y europeas<br \/>\n<strong><span style=\"color: #008000;\">\u2714 <\/span>Monitorizar registros, licitaciones y adjudicaciones<\/strong> en una sola plataforma<br \/>\n<strong><span style=\"color: #008000;\">\u2714<\/span><\/strong> Descubrir el potencial del <strong>An\u00e1lisis Benchmark<\/strong> para analizar los Contratos P\u00fablicos<\/p>\n","protected":false},"featured_media":31391,"template":"","meta":[],"product_brand":[],"product_cat":[244,245,246,247],"product_tag":[],"class_list":{"0":"post-9381","1":"product","2":"type-product","3":"status-publish","4":"has-post-thumbnail","6":"product_cat-suscripcion","7":"product_cat-registros-proveedores","8":"product_cat-liciaciones-telematicas","9":"product_cat-servicios-para-operadores-economico","11":"first","12":"outofstock","13":"sold-individually","14":"taxable","15":"shipping-taxable","16":"purchasable","17":"product-type-variable-subscription","18":"has-default-attributes"},"yoast_head":"<!-- This site is optimized with the Yoast SEO plugin v25.9 - https:\/\/yoast.com\/wordpress\/plugins\/seo\/ -->\n<title>Suscripci\u00f3n Plus: Replic\u00e1 Autom\u00e1tica inscripci\u00f3n Registro Proveedores<\/title>\n<meta name=\"description\" content=\"Suscr\u00edbete a NetworkPA, aumenta las oportunidades inscribi\u00e9ndote de manera centralizada a Registros de Entidades Contratantes y accediendo a licitationes\" \/>\n<meta name=\"robots\" content=\"index, follow, max-snippet:-1, max-image-preview:large, max-video-preview:-1\" \/>\n<link rel=\"canonical\" href=\"https:\/\/tech1.networkpa.it\/producto\/iscrizione-albi-fornitori-info-appalti\/\" \/>\n<meta property=\"og:locale\" content=\"es_ES\" \/>\n<meta property=\"og:type\" content=\"article\" \/>\n<meta property=\"og:title\" content=\"Suscripci\u00f3n Plus: Replic\u00e1 Autom\u00e1tica inscripci\u00f3n Registro Proveedores\" \/>\n<meta property=\"og:description\" content=\"Suscr\u00edbete a NetworkPA, aumenta las oportunidades inscribi\u00e9ndote de manera centralizada a Registros de Entidades Contratantes y accediendo a licitationes\" \/>\n<meta property=\"og:url\" content=\"https:\/\/tech1.networkpa.it\/producto\/iscrizione-albi-fornitori-info-appalti\/\" \/>\n<meta property=\"og:site_name\" content=\"NetworkPA\" \/>\n<meta property=\"article:publisher\" content=\"https:\/\/www.facebook.com\/digitalpa.srl\/\" \/>\n<meta property=\"article:modified_time\" content=\"2023-09-28T07:37:23+00:00\" \/>\n<meta property=\"og:image\" content=\"https:\/\/tech1.networkpa.it\/wp-content\/uploads\/2023\/09\/abbonamento-plus_networkpa.jpg\" \/>\n\t<meta property=\"og:image:width\" content=\"500\" \/>\n\t<meta property=\"og:image:height\" content=\"500\" \/>\n\t<meta property=\"og:image:type\" content=\"image\/jpeg\" \/>\n<meta name=\"twitter:card\" content=\"summary_large_image\" \/>\n<meta name=\"twitter:label1\" content=\"Est. reading time\" \/>\n\t<meta name=\"twitter:data1\" content=\"2 minutes\" \/>\n<script type=\"application\/ld+json\" class=\"yoast-schema-graph\">{\"@context\":\"https:\/\/schema.org\",\"@graph\":[{\"@type\":\"WebPage\",\"@id\":\"https:\/\/tech1.networkpa.it\/producto\/iscrizione-albi-fornitori-info-appalti\/\",\"url\":\"https:\/\/tech1.networkpa.it\/producto\/iscrizione-albi-fornitori-info-appalti\/\",\"name\":\"Suscripci\u00f3n Plus: Replic\u00e1 Autom\u00e1tica inscripci\u00f3n Registro Proveedores\",\"isPartOf\":{\"@id\":\"https:\/\/tech1.networkpa.it\/#website\"},\"primaryImageOfPage\":{\"@id\":\"https:\/\/tech1.networkpa.it\/producto\/iscrizione-albi-fornitori-info-appalti\/#primaryimage\"},\"image\":{\"@id\":\"https:\/\/tech1.networkpa.it\/producto\/iscrizione-albi-fornitori-info-appalti\/#primaryimage\"},\"thumbnailUrl\":\"https:\/\/tech1.networkpa.it\/wp-content\/uploads\/2023\/09\/abbonamento-plus_networkpa.jpg\",\"datePublished\":\"2019-06-27T08:29:43+00:00\",\"dateModified\":\"2023-09-28T07:37:23+00:00\",\"description\":\"Suscr\u00edbete a NetworkPA, aumenta las oportunidades inscribi\u00e9ndote de manera centralizada a Registros de Entidades Contratantes y accediendo a licitationes\",\"breadcrumb\":{\"@id\":\"https:\/\/tech1.networkpa.it\/producto\/iscrizione-albi-fornitori-info-appalti\/#breadcrumb\"},\"inLanguage\":\"es-ES\",\"potentialAction\":[{\"@type\":\"ReadAction\",\"target\":[\"https:\/\/tech1.networkpa.it\/producto\/iscrizione-albi-fornitori-info-appalti\/\"]}]},{\"@type\":\"ImageObject\",\"inLanguage\":\"es-ES\",\"@id\":\"https:\/\/tech1.networkpa.it\/producto\/iscrizione-albi-fornitori-info-appalti\/#primaryimage\",\"url\":\"https:\/\/tech1.networkpa.it\/wp-content\/uploads\/2023\/09\/abbonamento-plus_networkpa.jpg\",\"contentUrl\":\"https:\/\/tech1.networkpa.it\/wp-content\/uploads\/2023\/09\/abbonamento-plus_networkpa.jpg\",\"width\":500,\"height\":500,\"caption\":\"Abbonamento Plus NetworkPA\"},{\"@type\":\"BreadcrumbList\",\"@id\":\"https:\/\/tech1.networkpa.it\/producto\/iscrizione-albi-fornitori-info-appalti\/#breadcrumb\",\"itemListElement\":[{\"@type\":\"ListItem\",\"position\":1,\"name\":\"Home\",\"item\":\"https:\/\/tech1.networkpa.it\/\"},{\"@type\":\"ListItem\",\"position\":2,\"name\":\"Prodotti\",\"item\":\"https:\/\/tech1.networkpa.it\/shop\/\"},{\"@type\":\"ListItem\",\"position\":3,\"name\":\"Suscripci\u00f3n PLUS\"}]},{\"@type\":\"WebSite\",\"@id\":\"https:\/\/tech1.networkpa.it\/#website\",\"url\":\"https:\/\/tech1.networkpa.it\/\",\"name\":\"NetworkPA\",\"description\":\"Software e-procurement | albo fornitori iscrizione | Partecipazione gara telematica\",\"publisher\":{\"@id\":\"https:\/\/tech1.networkpa.it\/#organization\"},\"potentialAction\":[{\"@type\":\"SearchAction\",\"target\":{\"@type\":\"EntryPoint\",\"urlTemplate\":\"https:\/\/tech1.networkpa.it\/?s={search_term_string}\"},\"query-input\":{\"@type\":\"PropertyValueSpecification\",\"valueRequired\":true,\"valueName\":\"search_term_string\"}}],\"inLanguage\":\"es-ES\"},{\"@type\":\"Organization\",\"@id\":\"https:\/\/tech1.networkpa.it\/#organization\",\"name\":\"DigitalPA s.r.l\",\"url\":\"https:\/\/tech1.networkpa.it\/\",\"logo\":{\"@type\":\"ImageObject\",\"inLanguage\":\"es-ES\",\"@id\":\"https:\/\/tech1.networkpa.it\/#\/schema\/logo\/image\/\",\"url\":\"https:\/\/tech1.networkpa.it\/wp-content\/uploads\/2019\/06\/logo-digitalpa-blu-rosso-orizzontale-payoff-copia-250x.png\",\"contentUrl\":\"https:\/\/tech1.networkpa.it\/wp-content\/uploads\/2019\/06\/logo-digitalpa-blu-rosso-orizzontale-payoff-copia-250x.png\",\"width\":250,\"height\":60,\"caption\":\"DigitalPA s.r.l\"},\"image\":{\"@id\":\"https:\/\/tech1.networkpa.it\/#\/schema\/logo\/image\/\"},\"sameAs\":[\"https:\/\/www.facebook.com\/digitalpa.srl\/\",\"https:\/\/www.linkedin.com\/company\/digitalpa\/?originalSubdomain=it\",\"https:\/\/www.youtube.com\/channel\/UC67awOjGkcaH22GRWPN9R1w\"]}]}<\/script>\n<!-- \/ Yoast SEO plugin. -->","yoast_head_json":{"title":"Suscripci\u00f3n Plus: Replic\u00e1 Autom\u00e1tica inscripci\u00f3n Registro Proveedores","description":"Suscr\u00edbete a NetworkPA, aumenta las oportunidades inscribi\u00e9ndote de manera centralizada a Registros de Entidades Contratantes y accediendo a licitationes","robots":{"index":"index","follow":"follow","max-snippet":"max-snippet:-1","max-image-preview":"max-image-preview:large","max-video-preview":"max-video-preview:-1"},"canonical":"https:\/\/tech1.networkpa.it\/producto\/iscrizione-albi-fornitori-info-appalti\/","og_locale":"es_ES","og_type":"article","og_title":"Suscripci\u00f3n Plus: Replic\u00e1 Autom\u00e1tica inscripci\u00f3n Registro Proveedores","og_description":"Suscr\u00edbete a NetworkPA, aumenta las oportunidades inscribi\u00e9ndote de manera centralizada a Registros de Entidades Contratantes y accediendo a licitationes","og_url":"https:\/\/tech1.networkpa.it\/producto\/iscrizione-albi-fornitori-info-appalti\/","og_site_name":"NetworkPA","article_publisher":"https:\/\/www.facebook.com\/digitalpa.srl\/","article_modified_time":"2023-09-28T07:37:23+00:00","og_image":[{"width":500,"height":500,"url":"https:\/\/tech1.networkpa.it\/wp-content\/uploads\/2023\/09\/abbonamento-plus_networkpa.jpg","type":"image\/jpeg"}],"twitter_card":"summary_large_image","twitter_misc":{"Est. reading time":"2 minutes"},"schema":{"@context":"https:\/\/schema.org","@graph":[{"@type":"WebPage","@id":"https:\/\/tech1.networkpa.it\/producto\/iscrizione-albi-fornitori-info-appalti\/","url":"https:\/\/tech1.networkpa.it\/producto\/iscrizione-albi-fornitori-info-appalti\/","name":"Suscripci\u00f3n Plus: Replic\u00e1 Autom\u00e1tica inscripci\u00f3n Registro Proveedores","isPartOf":{"@id":"https:\/\/tech1.networkpa.it\/#website"},"primaryImageOfPage":{"@id":"https:\/\/tech1.networkpa.it\/producto\/iscrizione-albi-fornitori-info-appalti\/#primaryimage"},"image":{"@id":"https:\/\/tech1.networkpa.it\/producto\/iscrizione-albi-fornitori-info-appalti\/#primaryimage"},"thumbnailUrl":"https:\/\/tech1.networkpa.it\/wp-content\/uploads\/2023\/09\/abbonamento-plus_networkpa.jpg","datePublished":"2019-06-27T08:29:43+00:00","dateModified":"2023-09-28T07:37:23+00:00","description":"Suscr\u00edbete a NetworkPA, aumenta las oportunidades inscribi\u00e9ndote de manera centralizada a Registros de Entidades Contratantes y accediendo a licitationes","breadcrumb":{"@id":"https:\/\/tech1.networkpa.it\/producto\/iscrizione-albi-fornitori-info-appalti\/#breadcrumb"},"inLanguage":"es-ES","potentialAction":[{"@type":"ReadAction","target":["https:\/\/tech1.networkpa.it\/producto\/iscrizione-albi-fornitori-info-appalti\/"]}]},{"@type":"ImageObject","inLanguage":"es-ES","@id":"https:\/\/tech1.networkpa.it\/producto\/iscrizione-albi-fornitori-info-appalti\/#primaryimage","url":"https:\/\/tech1.networkpa.it\/wp-content\/uploads\/2023\/09\/abbonamento-plus_networkpa.jpg","contentUrl":"https:\/\/tech1.networkpa.it\/wp-content\/uploads\/2023\/09\/abbonamento-plus_networkpa.jpg","width":500,"height":500,"caption":"Abbonamento Plus NetworkPA"},{"@type":"BreadcrumbList","@id":"https:\/\/tech1.networkpa.it\/producto\/iscrizione-albi-fornitori-info-appalti\/#breadcrumb","itemListElement":[{"@type":"ListItem","position":1,"name":"Home","item":"https:\/\/tech1.networkpa.it\/"},{"@type":"ListItem","position":2,"name":"Prodotti","item":"https:\/\/tech1.networkpa.it\/shop\/"},{"@type":"ListItem","position":3,"name":"Suscripci\u00f3n PLUS"}]},{"@type":"WebSite","@id":"https:\/\/tech1.networkpa.it\/#website","url":"https:\/\/tech1.networkpa.it\/","name":"NetworkPA","description":"Software e-procurement | albo fornitori iscrizione | Partecipazione gara telematica","publisher":{"@id":"https:\/\/tech1.networkpa.it\/#organization"},"potentialAction":[{"@type":"SearchAction","target":{"@type":"EntryPoint","urlTemplate":"https:\/\/tech1.networkpa.it\/?s={search_term_string}"},"query-input":{"@type":"PropertyValueSpecification","valueRequired":true,"valueName":"search_term_string"}}],"inLanguage":"es-ES"},{"@type":"Organization","@id":"https:\/\/tech1.networkpa.it\/#organization","name":"DigitalPA s.r.l","url":"https:\/\/tech1.networkpa.it\/","logo":{"@type":"ImageObject","inLanguage":"es-ES","@id":"https:\/\/tech1.networkpa.it\/#\/schema\/logo\/image\/","url":"https:\/\/tech1.networkpa.it\/wp-content\/uploads\/2019\/06\/logo-digitalpa-blu-rosso-orizzontale-payoff-copia-250x.png","contentUrl":"https:\/\/tech1.networkpa.it\/wp-content\/uploads\/2019\/06\/logo-digitalpa-blu-rosso-orizzontale-payoff-copia-250x.png","width":250,"height":60,"caption":"DigitalPA s.r.l"},"image":{"@id":"https:\/\/tech1.networkpa.it\/#\/schema\/logo\/image\/"},"sameAs":["https:\/\/www.facebook.com\/digitalpa.srl\/","https:\/\/www.linkedin.com\/company\/digitalpa\/?originalSubdomain=it","https:\/\/www.youtube.com\/channel\/UC67awOjGkcaH22GRWPN9R1w"]}]}},"_links":{"self":[{"href":"https:\/\/tech1.networkpa.it\/es\/wp-json\/wp\/v2\/product\/9381","targetHints":{"allow":["GET"]}}],"collection":[{"href":"https:\/\/tech1.networkpa.it\/es\/wp-json\/wp\/v2\/product"}],"about":[{"href":"https:\/\/tech1.networkpa.it\/es\/wp-json\/wp\/v2\/types\/product"}],"wp:featuredmedia":[{"embeddable":true,"href":"https:\/\/tech1.networkpa.it\/es\/wp-json\/wp\/v2\/media\/31391"}],"wp:attachment":[{"href":"https:\/\/tech1.networkpa.it\/es\/wp-json\/wp\/v2\/media?parent=9381"}],"wp:term":[{"taxonomy":"product_brand","embeddable":true,"href":"https:\/\/tech1.networkpa.it\/es\/wp-json\/wp\/v2\/product_brand?post=9381"},{"taxonomy":"product_cat","embeddable":true,"href":"https:\/\/tech1.networkpa.it\/es\/wp-json\/wp\/v2\/product_cat?post=9381"},{"taxonomy":"product_tag","embeddable":true,"href":"https:\/\/tech1.networkpa.it\/es\/wp-json\/wp\/v2\/product_tag?post=9381"}],"curies":[{"name":"wp","href":"https:\/\/api.w.org\/{rel}","templated":true}]}}