{"id":9394,"date":"2019-06-11T09:46:45","date_gmt":"2019-06-11T07:46:45","guid":{"rendered":"https:\/\/www.networkpa.it\/prodotto\/consulenza-iscrizione-albi-fornitori\/"},"modified":"2023-09-28T09:31:58","modified_gmt":"2023-09-28T07:31:58","slug":"asesoramiento-para-inscripcion-registros-de-proveedores","status":"publish","type":"product","link":"https:\/\/tech1.networkpa.it\/es\/producto\/asesoramiento-para-inscripcion-registros-de-proveedores\/","title":{"rendered":"Asesoramiento para la inscripci\u00f3n a los registros de proveedores"},"content":{"rendered":"<p>Un consultor apoyar\u00e1 al Operador Econ\u00f3mico en todas las fases de inscripci\u00f3n a los registros de proveedores de Acquisti Telematici, para garantizar una inscripci\u00f3n formal completa y correcta.<\/p>\n<p>El coste indicado se refiere al servicio de asistencia a la inscripci\u00f3n para n\u00b0 1 registro de proveedores en una plataforma Acquisti Telematici DigitalPA.<\/p>\n<p>El servicio incluir\u00e1:<\/p>\n<ul>\n<li>Introducci\u00f3n de los\u00a0<strong>datos personales del representante legal<\/strong>\u00a0y de cualquier documentaci\u00f3n que acompa\u00f1e a la misma;<\/li>\n<li><strong>Declaraciones Artt. 94 y 95<\/strong>\u00a0D.Lgs. 36\/2023;<\/li>\n<li>Compilaci\u00f3n de los\u00a0<strong>datos sobre la actividad<\/strong>;<\/li>\n<li>Introducci\u00f3n de los datos relativos a la c\u00e1mara de comercio, situaci\u00f3n de la seguridad social, INAIL, etc;<\/li>\n<li>Selecci\u00f3n de las\u00a0<strong>categor\u00edas de productos correctas<\/strong>\u00a0<strong>o sectores de especializaci\u00f3n y facturados<\/strong>\u00a0espec\u00edficos para cada categor\u00eda;<\/li>\n<li>Inclusi\u00f3n de las\u00a0<strong>categor\u00edas de licitaciones<\/strong>\u00a0relativas a la Inscripci\u00f3n en MePA, o posible inscripci\u00f3n en otras Listas;<\/li>\n<li><strong>Certificaciones y habilitaciones<\/strong>\u00a0(Certificaci\u00f3n de calidad y certificaciones o habilitaciones adicionales);<\/li>\n<li><strong>Documentaci\u00f3n adicional adicional<\/strong>;<\/li>\n<li><strong>Apoyo en la firma digital de documentos y autocertificaci\u00f3n<\/strong>.<\/li>\n<\/ul>\n<p>El servicio se proporcionar\u00e1\u00a0<strong>previa cita<\/strong>\u00a0seg\u00fan la disponibilidad de los operadores. La cita debe solicitarse con un preaviso de al menos 48 horas.<br \/>\nEl presente servicio, respetando el principio de la tercero, no tendr\u00e1 por objeto elementos esenciales de la oferta.<\/p>\n","protected":false},"excerpt":{"rendered":"<p>Nuestros expertos en el campo de la contrataci\u00f3n electr\u00f3nica le ayudar\u00e1n a solicitar la habilitaci\u00f3n a los registros:<\/p>\n<ul>\n<li><strong>Introducci\u00f3n de todos los datos y documentos<\/strong> necesarios (datos personales, datos de actividad, certificaciones, categor\u00edas de productos, etc.);<\/li>\n<li><strong>Introducci\u00f3n de documentaci\u00f3n<\/strong> <strong>adicional<\/strong> (Certificaciones de calidad, etc.);<\/li>\n<li><strong>Soporte<\/strong> para el uso de instrumentos de<strong> firma digital<\/strong>.<\/li>\n<\/ul>\n","protected":false},"featured_media":31614,"template":"","meta":[],"product_brand":[],"product_cat":[245,247,248],"product_tag":[],"class_list":{"0":"post-9394","1":"product","2":"type-product","3":"status-publish","4":"has-post-thumbnail","6":"product_cat-registros-proveedores","7":"product_cat-servicios-para-operadores-economico","8":"product_cat-servicios-de-apoyo-y-consultoria","10":"first","11":"instock","12":"virtual","13":"taxable","14":"purchasable","15":"product-type-simple"},"yoast_head":"<!-- This site is optimized with the Yoast SEO plugin v25.9 - https:\/\/yoast.com\/wordpress\/plugins\/seo\/ -->\n<title>Asesoramiento Operadores Econ\u00f3micos para el Registro de Proveedores<\/title>\n<meta name=\"description\" content=\"Si usted es un Operador Econ\u00f3mico suscrito a NetworkPA, accede al servicio de aesoriamento para inscripci\u00f3n Registros Proveedores de Entidades Contratantes\" \/>\n<meta name=\"robots\" content=\"index, follow, max-snippet:-1, max-image-preview:large, max-video-preview:-1\" \/>\n<link rel=\"canonical\" href=\"https:\/\/tech1.networkpa.it\/producto\/consulenza-iscrizione-albi-fornitori\/\" \/>\n<meta property=\"og:locale\" content=\"es_ES\" \/>\n<meta property=\"og:type\" content=\"article\" \/>\n<meta property=\"og:title\" content=\"Asesoramiento Operadores Econ\u00f3micos para el Registro de Proveedores\" \/>\n<meta property=\"og:description\" content=\"Si usted es un Operador Econ\u00f3mico suscrito a NetworkPA, accede al servicio de aesoriamento para inscripci\u00f3n Registros Proveedores de Entidades Contratantes\" \/>\n<meta property=\"og:url\" content=\"https:\/\/tech1.networkpa.it\/producto\/consulenza-iscrizione-albi-fornitori\/\" \/>\n<meta property=\"og:site_name\" content=\"NetworkPA\" \/>\n<meta property=\"article:publisher\" content=\"https:\/\/www.facebook.com\/digitalpa.srl\/\" \/>\n<meta property=\"article:modified_time\" content=\"2023-09-28T07:31:58+00:00\" \/>\n<meta property=\"og:image\" content=\"https:\/\/tech1.networkpa.it\/wp-content\/uploads\/2023\/09\/consulenza-iscrizione-albi-fornitori-1.png\" \/>\n\t<meta property=\"og:image:width\" content=\"500\" \/>\n\t<meta property=\"og:image:height\" content=\"500\" \/>\n\t<meta property=\"og:image:type\" content=\"image\/png\" \/>\n<meta name=\"twitter:card\" content=\"summary_large_image\" \/>\n<meta name=\"twitter:label1\" content=\"Est. reading time\" \/>\n\t<meta name=\"twitter:data1\" content=\"1 minute\" \/>\n<script type=\"application\/ld+json\" class=\"yoast-schema-graph\">{\"@context\":\"https:\/\/schema.org\",\"@graph\":[{\"@type\":\"WebPage\",\"@id\":\"https:\/\/tech1.networkpa.it\/producto\/consulenza-iscrizione-albi-fornitori\/\",\"url\":\"https:\/\/tech1.networkpa.it\/producto\/consulenza-iscrizione-albi-fornitori\/\",\"name\":\"Asesoramiento Operadores Econ\u00f3micos para el Registro de Proveedores\",\"isPartOf\":{\"@id\":\"https:\/\/tech1.networkpa.it\/#website\"},\"primaryImageOfPage\":{\"@id\":\"https:\/\/tech1.networkpa.it\/producto\/consulenza-iscrizione-albi-fornitori\/#primaryimage\"},\"image\":{\"@id\":\"https:\/\/tech1.networkpa.it\/producto\/consulenza-iscrizione-albi-fornitori\/#primaryimage\"},\"thumbnailUrl\":\"https:\/\/tech1.networkpa.it\/wp-content\/uploads\/2023\/09\/consulenza-iscrizione-albi-fornitori-1.png\",\"datePublished\":\"2019-06-11T07:46:45+00:00\",\"dateModified\":\"2023-09-28T07:31:58+00:00\",\"description\":\"Si usted es un Operador Econ\u00f3mico suscrito a NetworkPA, accede al servicio de aesoriamento para inscripci\u00f3n Registros Proveedores de Entidades Contratantes\",\"breadcrumb\":{\"@id\":\"https:\/\/tech1.networkpa.it\/producto\/consulenza-iscrizione-albi-fornitori\/#breadcrumb\"},\"inLanguage\":\"es-ES\",\"potentialAction\":[{\"@type\":\"ReadAction\",\"target\":[\"https:\/\/tech1.networkpa.it\/producto\/consulenza-iscrizione-albi-fornitori\/\"]}]},{\"@type\":\"ImageObject\",\"inLanguage\":\"es-ES\",\"@id\":\"https:\/\/tech1.networkpa.it\/producto\/consulenza-iscrizione-albi-fornitori\/#primaryimage\",\"url\":\"https:\/\/tech1.networkpa.it\/wp-content\/uploads\/2023\/09\/consulenza-iscrizione-albi-fornitori-1.png\",\"contentUrl\":\"https:\/\/tech1.networkpa.it\/wp-content\/uploads\/2023\/09\/consulenza-iscrizione-albi-fornitori-1.png\",\"width\":500,\"height\":500,\"caption\":\"Consulenza per l\u2019iscrizione agli Albi Fornitori\"},{\"@type\":\"BreadcrumbList\",\"@id\":\"https:\/\/tech1.networkpa.it\/producto\/consulenza-iscrizione-albi-fornitori\/#breadcrumb\",\"itemListElement\":[{\"@type\":\"ListItem\",\"position\":1,\"name\":\"Home\",\"item\":\"https:\/\/tech1.networkpa.it\/\"},{\"@type\":\"ListItem\",\"position\":2,\"name\":\"Prodotti\",\"item\":\"https:\/\/tech1.networkpa.it\/shop\/\"},{\"@type\":\"ListItem\",\"position\":3,\"name\":\"Asesoramiento para la inscripci\u00f3n a los registros de proveedores\"}]},{\"@type\":\"WebSite\",\"@id\":\"https:\/\/tech1.networkpa.it\/#website\",\"url\":\"https:\/\/tech1.networkpa.it\/\",\"name\":\"NetworkPA\",\"description\":\"Software e-procurement | albo fornitori iscrizione | Partecipazione gara telematica\",\"publisher\":{\"@id\":\"https:\/\/tech1.networkpa.it\/#organization\"},\"potentialAction\":[{\"@type\":\"SearchAction\",\"target\":{\"@type\":\"EntryPoint\",\"urlTemplate\":\"https:\/\/tech1.networkpa.it\/?s={search_term_string}\"},\"query-input\":{\"@type\":\"PropertyValueSpecification\",\"valueRequired\":true,\"valueName\":\"search_term_string\"}}],\"inLanguage\":\"es-ES\"},{\"@type\":\"Organization\",\"@id\":\"https:\/\/tech1.networkpa.it\/#organization\",\"name\":\"DigitalPA s.r.l\",\"url\":\"https:\/\/tech1.networkpa.it\/\",\"logo\":{\"@type\":\"ImageObject\",\"inLanguage\":\"es-ES\",\"@id\":\"https:\/\/tech1.networkpa.it\/#\/schema\/logo\/image\/\",\"url\":\"https:\/\/tech1.networkpa.it\/wp-content\/uploads\/2019\/06\/logo-digitalpa-blu-rosso-orizzontale-payoff-copia-250x.png\",\"contentUrl\":\"https:\/\/tech1.networkpa.it\/wp-content\/uploads\/2019\/06\/logo-digitalpa-blu-rosso-orizzontale-payoff-copia-250x.png\",\"width\":250,\"height\":60,\"caption\":\"DigitalPA s.r.l\"},\"image\":{\"@id\":\"https:\/\/tech1.networkpa.it\/#\/schema\/logo\/image\/\"},\"sameAs\":[\"https:\/\/www.facebook.com\/digitalpa.srl\/\",\"https:\/\/www.linkedin.com\/company\/digitalpa\/?originalSubdomain=it\",\"https:\/\/www.youtube.com\/channel\/UC67awOjGkcaH22GRWPN9R1w\"]}]}<\/script>\n<!-- \/ Yoast SEO plugin. -->","yoast_head_json":{"title":"Asesoramiento Operadores Econ\u00f3micos para el Registro de Proveedores","description":"Si usted es un Operador Econ\u00f3mico suscrito a NetworkPA, accede al servicio de aesoriamento para inscripci\u00f3n Registros Proveedores de Entidades Contratantes","robots":{"index":"index","follow":"follow","max-snippet":"max-snippet:-1","max-image-preview":"max-image-preview:large","max-video-preview":"max-video-preview:-1"},"canonical":"https:\/\/tech1.networkpa.it\/producto\/consulenza-iscrizione-albi-fornitori\/","og_locale":"es_ES","og_type":"article","og_title":"Asesoramiento Operadores Econ\u00f3micos para el Registro de Proveedores","og_description":"Si usted es un Operador Econ\u00f3mico suscrito a NetworkPA, accede al servicio de aesoriamento para inscripci\u00f3n Registros Proveedores de Entidades Contratantes","og_url":"https:\/\/tech1.networkpa.it\/producto\/consulenza-iscrizione-albi-fornitori\/","og_site_name":"NetworkPA","article_publisher":"https:\/\/www.facebook.com\/digitalpa.srl\/","article_modified_time":"2023-09-28T07:31:58+00:00","og_image":[{"width":500,"height":500,"url":"https:\/\/tech1.networkpa.it\/wp-content\/uploads\/2023\/09\/consulenza-iscrizione-albi-fornitori-1.png","type":"image\/png"}],"twitter_card":"summary_large_image","twitter_misc":{"Est. reading time":"1 minute"},"schema":{"@context":"https:\/\/schema.org","@graph":[{"@type":"WebPage","@id":"https:\/\/tech1.networkpa.it\/producto\/consulenza-iscrizione-albi-fornitori\/","url":"https:\/\/tech1.networkpa.it\/producto\/consulenza-iscrizione-albi-fornitori\/","name":"Asesoramiento Operadores Econ\u00f3micos para el Registro de Proveedores","isPartOf":{"@id":"https:\/\/tech1.networkpa.it\/#website"},"primaryImageOfPage":{"@id":"https:\/\/tech1.networkpa.it\/producto\/consulenza-iscrizione-albi-fornitori\/#primaryimage"},"image":{"@id":"https:\/\/tech1.networkpa.it\/producto\/consulenza-iscrizione-albi-fornitori\/#primaryimage"},"thumbnailUrl":"https:\/\/tech1.networkpa.it\/wp-content\/uploads\/2023\/09\/consulenza-iscrizione-albi-fornitori-1.png","datePublished":"2019-06-11T07:46:45+00:00","dateModified":"2023-09-28T07:31:58+00:00","description":"Si usted es un Operador Econ\u00f3mico suscrito a NetworkPA, accede al servicio de aesoriamento para inscripci\u00f3n Registros Proveedores de Entidades Contratantes","breadcrumb":{"@id":"https:\/\/tech1.networkpa.it\/producto\/consulenza-iscrizione-albi-fornitori\/#breadcrumb"},"inLanguage":"es-ES","potentialAction":[{"@type":"ReadAction","target":["https:\/\/tech1.networkpa.it\/producto\/consulenza-iscrizione-albi-fornitori\/"]}]},{"@type":"ImageObject","inLanguage":"es-ES","@id":"https:\/\/tech1.networkpa.it\/producto\/consulenza-iscrizione-albi-fornitori\/#primaryimage","url":"https:\/\/tech1.networkpa.it\/wp-content\/uploads\/2023\/09\/consulenza-iscrizione-albi-fornitori-1.png","contentUrl":"https:\/\/tech1.networkpa.it\/wp-content\/uploads\/2023\/09\/consulenza-iscrizione-albi-fornitori-1.png","width":500,"height":500,"caption":"Consulenza per l\u2019iscrizione agli Albi Fornitori"},{"@type":"BreadcrumbList","@id":"https:\/\/tech1.networkpa.it\/producto\/consulenza-iscrizione-albi-fornitori\/#breadcrumb","itemListElement":[{"@type":"ListItem","position":1,"name":"Home","item":"https:\/\/tech1.networkpa.it\/"},{"@type":"ListItem","position":2,"name":"Prodotti","item":"https:\/\/tech1.networkpa.it\/shop\/"},{"@type":"ListItem","position":3,"name":"Asesoramiento para la inscripci\u00f3n a los registros de proveedores"}]},{"@type":"WebSite","@id":"https:\/\/tech1.networkpa.it\/#website","url":"https:\/\/tech1.networkpa.it\/","name":"NetworkPA","description":"Software e-procurement | albo fornitori iscrizione | Partecipazione gara telematica","publisher":{"@id":"https:\/\/tech1.networkpa.it\/#organization"},"potentialAction":[{"@type":"SearchAction","target":{"@type":"EntryPoint","urlTemplate":"https:\/\/tech1.networkpa.it\/?s={search_term_string}"},"query-input":{"@type":"PropertyValueSpecification","valueRequired":true,"valueName":"search_term_string"}}],"inLanguage":"es-ES"},{"@type":"Organization","@id":"https:\/\/tech1.networkpa.it\/#organization","name":"DigitalPA s.r.l","url":"https:\/\/tech1.networkpa.it\/","logo":{"@type":"ImageObject","inLanguage":"es-ES","@id":"https:\/\/tech1.networkpa.it\/#\/schema\/logo\/image\/","url":"https:\/\/tech1.networkpa.it\/wp-content\/uploads\/2019\/06\/logo-digitalpa-blu-rosso-orizzontale-payoff-copia-250x.png","contentUrl":"https:\/\/tech1.networkpa.it\/wp-content\/uploads\/2019\/06\/logo-digitalpa-blu-rosso-orizzontale-payoff-copia-250x.png","width":250,"height":60,"caption":"DigitalPA s.r.l"},"image":{"@id":"https:\/\/tech1.networkpa.it\/#\/schema\/logo\/image\/"},"sameAs":["https:\/\/www.facebook.com\/digitalpa.srl\/","https:\/\/www.linkedin.com\/company\/digitalpa\/?originalSubdomain=it","https:\/\/www.youtube.com\/channel\/UC67awOjGkcaH22GRWPN9R1w"]}]}},"_links":{"self":[{"href":"https:\/\/tech1.networkpa.it\/es\/wp-json\/wp\/v2\/product\/9394","targetHints":{"allow":["GET"]}}],"collection":[{"href":"https:\/\/tech1.networkpa.it\/es\/wp-json\/wp\/v2\/product"}],"about":[{"href":"https:\/\/tech1.networkpa.it\/es\/wp-json\/wp\/v2\/types\/product"}],"wp:featuredmedia":[{"embeddable":true,"href":"https:\/\/tech1.networkpa.it\/es\/wp-json\/wp\/v2\/media\/31614"}],"wp:attachment":[{"href":"https:\/\/tech1.networkpa.it\/es\/wp-json\/wp\/v2\/media?parent=9394"}],"wp:term":[{"taxonomy":"product_brand","embeddable":true,"href":"https:\/\/tech1.networkpa.it\/es\/wp-json\/wp\/v2\/product_brand?post=9394"},{"taxonomy":"product_cat","embeddable":true,"href":"https:\/\/tech1.networkpa.it\/es\/wp-json\/wp\/v2\/product_cat?post=9394"},{"taxonomy":"product_tag","embeddable":true,"href":"https:\/\/tech1.networkpa.it\/es\/wp-json\/wp\/v2\/product_tag?post=9394"}],"curies":[{"name":"wp","href":"https:\/\/api.w.org\/{rel}","templated":true}]}}