{"id":9567,"date":"2019-06-11T10:04:27","date_gmt":"2019-06-11T08:04:27","guid":{"rendered":"https:\/\/www.networkpa.it\/prodotto\/supporto-tecnico-alla-partecipazione-alla-gara-telematica\/"},"modified":"2023-09-28T09:32:51","modified_gmt":"2023-09-28T07:32:51","slug":"apoyo-tecnico-para-la-participacion-en-la-licitacion-telematica","status":"publish","type":"product","link":"https:\/\/tech1.networkpa.it\/es\/producto\/apoyo-tecnico-para-la-participacion-en-la-licitacion-telematica\/","title":{"rendered":"Apoyo T\u00e9cnico para la Participaci\u00f3n en la licitaci\u00f3n Telem\u00e1tica"},"content":{"rendered":"<p>El Operador Econ\u00f3mico estar\u00e1 respaldado por nuestros expertos t\u00e9cnicos en el uso \u00f3ptimo de la plataforma de compras electr\u00f3nicas, integrando asesoramiento operativo y formaci\u00f3n especializada, en las etapas de participaci\u00f3n en la licitaci\u00f3n telem\u00e1tica en las plataformas de compras telem\u00e1ticas \u2013 DigitalPA.<\/p>\n<p>El costo mostrado se refiere al <strong>servicio de apoyo a la participaci\u00f3n para la licitaci\u00f3n telem\u00e1tica n\u00b01<\/strong> en una plataforma de compras telem\u00e1ticas DigitalPA.<\/p>\n<p>El servicio incluye:<\/p>\n<ul>\n<li><strong>Gu\u00eda para la participaci\u00f3n en el proceso de licitaci\u00f3n<\/strong> (procedimiento de licitaci\u00f3n abierta, procedimiento negociado, invitaci\u00f3n, negociaciones directas, solicitudes de presupuestos, etc.);<\/li>\n<li><strong>Inclusi\u00f3n de documentaci\u00f3n administrativa, t\u00e9cnica y oferta econ\u00f3mica<\/strong>;<\/li>\n<li><strong>Soporte para el uso de la firma digital<\/strong> para la suscripci\u00f3n oficial de documentaci\u00f3n;<\/li>\n<li><strong>Gu\u00eda para la participaci\u00f3n en una licitaci\u00f3n<\/strong> con una ventana de tiempo;<\/li>\n<li><strong>Apoyo para el uso de mensajer\u00eda integrada<\/strong>: env\u00edo de preguntas o respuesta a solicitudes de documentaci\u00f3n complementaria o ayudo sumarial;<\/li>\n<li><strong>Apoyo para conectarse<\/strong> a la licitaci\u00f3n desde remoto.<\/li>\n<\/ul>\n<p>El servicio se proporcionar\u00e1 con <strong>cita previa seg\u00fan la disponibilidad de los operadores<\/strong>. La cita deber\u00e1 ser solicitada con un <strong>preaviso de al menos 48 horas<\/strong>.<\/p>\n<p>El presente servicio, en el respecto de el principio de Imparcialidad, no tendr\u00e0 por objeto elementos esenciales de la oferta.<\/p>\n","protected":false},"excerpt":{"rendered":"<p>Soporte t\u00e9cnico especializado para el uso \u00f3ptimo de la plataforma de compras electr\u00f3nicas::<\/p>\n<ul>\n<li><strong>Apoyo a la inclusi\u00f3n de toda la documentaci\u00f3n<\/strong> administrativa y de oferta;<\/li>\n<li><strong>Gu\u00eda de participaci\u00f3n<\/strong> para todo tipo de licitaci\u00f3nes, con o sin un per\u00edodo de tiempo;<\/li>\n<li><strong>Apoyo a la utilizaci\u00f3n del sistema de mensajer\u00eda<\/strong> integrado para las comunicaciones con la Entidades Contratante.<\/li>\n<\/ul>\n","protected":false},"featured_media":31608,"template":"","meta":[],"product_brand":[],"product_cat":[246,247,248],"product_tag":[],"class_list":{"0":"post-9567","1":"product","2":"type-product","3":"status-publish","4":"has-post-thumbnail","6":"product_cat-liciaciones-telematicas","7":"product_cat-servicios-para-operadores-economico","8":"product_cat-servicios-de-apoyo-y-consultoria","10":"first","11":"instock","12":"virtual","13":"taxable","14":"purchasable","15":"product-type-simple"},"yoast_head":"<!-- This site is optimized with the Yoast SEO plugin v25.9 - https:\/\/yoast.com\/wordpress\/plugins\/seo\/ -->\n<title>Apoyo t\u00e9cnico Licitaci\u00f3n Telem\u00e1tica Operadores Econ\u00f3micos | NetworkPA<\/title>\n<meta name=\"description\" content=\"Si usted es un Operador Econ\u00f3mico y necesita apoyo T\u00e9cnico para participar en una Licitaci\u00f3n Telem\u00e1tica, descubra el Servicio de Consultor\u00eda NetworkPA\" \/>\n<meta name=\"robots\" content=\"index, follow, max-snippet:-1, max-image-preview:large, max-video-preview:-1\" \/>\n<link rel=\"canonical\" href=\"https:\/\/tech1.networkpa.it\/producto\/supporto-tecnico-partecipazione-alla-gara-telematica\/\" \/>\n<meta property=\"og:locale\" content=\"es_ES\" \/>\n<meta property=\"og:type\" content=\"article\" \/>\n<meta property=\"og:title\" content=\"Apoyo t\u00e9cnico Licitaci\u00f3n Telem\u00e1tica Operadores Econ\u00f3micos | NetworkPA\" \/>\n<meta property=\"og:description\" content=\"Si usted es un Operador Econ\u00f3mico y necesita apoyo T\u00e9cnico para participar en una Licitaci\u00f3n Telem\u00e1tica, descubra el Servicio de Consultor\u00eda NetworkPA\" \/>\n<meta property=\"og:url\" content=\"https:\/\/tech1.networkpa.it\/producto\/supporto-tecnico-partecipazione-alla-gara-telematica\/\" \/>\n<meta property=\"og:site_name\" content=\"NetworkPA\" \/>\n<meta property=\"article:publisher\" content=\"https:\/\/www.facebook.com\/digitalpa.srl\/\" \/>\n<meta property=\"article:modified_time\" content=\"2023-09-28T07:32:51+00:00\" \/>\n<meta property=\"og:image\" content=\"https:\/\/tech1.networkpa.it\/wp-content\/uploads\/2023\/09\/supporto-tecnico-partecipazione-gara-telematica-fornitori-.png\" \/>\n\t<meta property=\"og:image:width\" content=\"500\" \/>\n\t<meta property=\"og:image:height\" content=\"500\" \/>\n\t<meta property=\"og:image:type\" content=\"image\/png\" \/>\n<meta name=\"twitter:card\" content=\"summary_large_image\" \/>\n<meta name=\"twitter:label1\" content=\"Est. reading time\" \/>\n\t<meta name=\"twitter:data1\" content=\"1 minute\" \/>\n<script type=\"application\/ld+json\" class=\"yoast-schema-graph\">{\"@context\":\"https:\/\/schema.org\",\"@graph\":[{\"@type\":\"WebPage\",\"@id\":\"https:\/\/tech1.networkpa.it\/producto\/supporto-tecnico-partecipazione-alla-gara-telematica\/\",\"url\":\"https:\/\/tech1.networkpa.it\/producto\/supporto-tecnico-partecipazione-alla-gara-telematica\/\",\"name\":\"Apoyo t\u00e9cnico Licitaci\u00f3n Telem\u00e1tica Operadores Econ\u00f3micos | NetworkPA\",\"isPartOf\":{\"@id\":\"https:\/\/tech1.networkpa.it\/#website\"},\"primaryImageOfPage\":{\"@id\":\"https:\/\/tech1.networkpa.it\/producto\/supporto-tecnico-partecipazione-alla-gara-telematica\/#primaryimage\"},\"image\":{\"@id\":\"https:\/\/tech1.networkpa.it\/producto\/supporto-tecnico-partecipazione-alla-gara-telematica\/#primaryimage\"},\"thumbnailUrl\":\"https:\/\/tech1.networkpa.it\/wp-content\/uploads\/2023\/09\/supporto-tecnico-partecipazione-gara-telematica-fornitori-.png\",\"datePublished\":\"2019-06-11T08:04:27+00:00\",\"dateModified\":\"2023-09-28T07:32:51+00:00\",\"description\":\"Si usted es un Operador Econ\u00f3mico y necesita apoyo T\u00e9cnico para participar en una Licitaci\u00f3n Telem\u00e1tica, descubra el Servicio de Consultor\u00eda NetworkPA\",\"breadcrumb\":{\"@id\":\"https:\/\/tech1.networkpa.it\/producto\/supporto-tecnico-partecipazione-alla-gara-telematica\/#breadcrumb\"},\"inLanguage\":\"es-ES\",\"potentialAction\":[{\"@type\":\"ReadAction\",\"target\":[\"https:\/\/tech1.networkpa.it\/producto\/supporto-tecnico-partecipazione-alla-gara-telematica\/\"]}]},{\"@type\":\"ImageObject\",\"inLanguage\":\"es-ES\",\"@id\":\"https:\/\/tech1.networkpa.it\/producto\/supporto-tecnico-partecipazione-alla-gara-telematica\/#primaryimage\",\"url\":\"https:\/\/tech1.networkpa.it\/wp-content\/uploads\/2023\/09\/supporto-tecnico-partecipazione-gara-telematica-fornitori-.png\",\"contentUrl\":\"https:\/\/tech1.networkpa.it\/wp-content\/uploads\/2023\/09\/supporto-tecnico-partecipazione-gara-telematica-fornitori-.png\",\"width\":500,\"height\":500,\"caption\":\"Supporto Tecnico per la partecipazione alla Gara Telematica\"},{\"@type\":\"BreadcrumbList\",\"@id\":\"https:\/\/tech1.networkpa.it\/producto\/supporto-tecnico-partecipazione-alla-gara-telematica\/#breadcrumb\",\"itemListElement\":[{\"@type\":\"ListItem\",\"position\":1,\"name\":\"Home\",\"item\":\"https:\/\/tech1.networkpa.it\/\"},{\"@type\":\"ListItem\",\"position\":2,\"name\":\"Prodotti\",\"item\":\"https:\/\/tech1.networkpa.it\/shop\/\"},{\"@type\":\"ListItem\",\"position\":3,\"name\":\"Apoyo T\u00e9cnico para la Participaci\u00f3n en la licitaci\u00f3n Telem\u00e1tica\"}]},{\"@type\":\"WebSite\",\"@id\":\"https:\/\/tech1.networkpa.it\/#website\",\"url\":\"https:\/\/tech1.networkpa.it\/\",\"name\":\"NetworkPA\",\"description\":\"Software e-procurement | albo fornitori iscrizione | Partecipazione gara telematica\",\"publisher\":{\"@id\":\"https:\/\/tech1.networkpa.it\/#organization\"},\"potentialAction\":[{\"@type\":\"SearchAction\",\"target\":{\"@type\":\"EntryPoint\",\"urlTemplate\":\"https:\/\/tech1.networkpa.it\/?s={search_term_string}\"},\"query-input\":{\"@type\":\"PropertyValueSpecification\",\"valueRequired\":true,\"valueName\":\"search_term_string\"}}],\"inLanguage\":\"es-ES\"},{\"@type\":\"Organization\",\"@id\":\"https:\/\/tech1.networkpa.it\/#organization\",\"name\":\"DigitalPA s.r.l\",\"url\":\"https:\/\/tech1.networkpa.it\/\",\"logo\":{\"@type\":\"ImageObject\",\"inLanguage\":\"es-ES\",\"@id\":\"https:\/\/tech1.networkpa.it\/#\/schema\/logo\/image\/\",\"url\":\"https:\/\/tech1.networkpa.it\/wp-content\/uploads\/2019\/06\/logo-digitalpa-blu-rosso-orizzontale-payoff-copia-250x.png\",\"contentUrl\":\"https:\/\/tech1.networkpa.it\/wp-content\/uploads\/2019\/06\/logo-digitalpa-blu-rosso-orizzontale-payoff-copia-250x.png\",\"width\":250,\"height\":60,\"caption\":\"DigitalPA s.r.l\"},\"image\":{\"@id\":\"https:\/\/tech1.networkpa.it\/#\/schema\/logo\/image\/\"},\"sameAs\":[\"https:\/\/www.facebook.com\/digitalpa.srl\/\",\"https:\/\/www.linkedin.com\/company\/digitalpa\/?originalSubdomain=it\",\"https:\/\/www.youtube.com\/channel\/UC67awOjGkcaH22GRWPN9R1w\"]}]}<\/script>\n<!-- \/ Yoast SEO plugin. -->","yoast_head_json":{"title":"Apoyo t\u00e9cnico Licitaci\u00f3n Telem\u00e1tica Operadores Econ\u00f3micos | NetworkPA","description":"Si usted es un Operador Econ\u00f3mico y necesita apoyo T\u00e9cnico para participar en una Licitaci\u00f3n Telem\u00e1tica, descubra el Servicio de Consultor\u00eda NetworkPA","robots":{"index":"index","follow":"follow","max-snippet":"max-snippet:-1","max-image-preview":"max-image-preview:large","max-video-preview":"max-video-preview:-1"},"canonical":"https:\/\/tech1.networkpa.it\/producto\/supporto-tecnico-partecipazione-alla-gara-telematica\/","og_locale":"es_ES","og_type":"article","og_title":"Apoyo t\u00e9cnico Licitaci\u00f3n Telem\u00e1tica Operadores Econ\u00f3micos | NetworkPA","og_description":"Si usted es un Operador Econ\u00f3mico y necesita apoyo T\u00e9cnico para participar en una Licitaci\u00f3n Telem\u00e1tica, descubra el Servicio de Consultor\u00eda NetworkPA","og_url":"https:\/\/tech1.networkpa.it\/producto\/supporto-tecnico-partecipazione-alla-gara-telematica\/","og_site_name":"NetworkPA","article_publisher":"https:\/\/www.facebook.com\/digitalpa.srl\/","article_modified_time":"2023-09-28T07:32:51+00:00","og_image":[{"width":500,"height":500,"url":"https:\/\/tech1.networkpa.it\/wp-content\/uploads\/2023\/09\/supporto-tecnico-partecipazione-gara-telematica-fornitori-.png","type":"image\/png"}],"twitter_card":"summary_large_image","twitter_misc":{"Est. reading time":"1 minute"},"schema":{"@context":"https:\/\/schema.org","@graph":[{"@type":"WebPage","@id":"https:\/\/tech1.networkpa.it\/producto\/supporto-tecnico-partecipazione-alla-gara-telematica\/","url":"https:\/\/tech1.networkpa.it\/producto\/supporto-tecnico-partecipazione-alla-gara-telematica\/","name":"Apoyo t\u00e9cnico Licitaci\u00f3n Telem\u00e1tica Operadores Econ\u00f3micos | NetworkPA","isPartOf":{"@id":"https:\/\/tech1.networkpa.it\/#website"},"primaryImageOfPage":{"@id":"https:\/\/tech1.networkpa.it\/producto\/supporto-tecnico-partecipazione-alla-gara-telematica\/#primaryimage"},"image":{"@id":"https:\/\/tech1.networkpa.it\/producto\/supporto-tecnico-partecipazione-alla-gara-telematica\/#primaryimage"},"thumbnailUrl":"https:\/\/tech1.networkpa.it\/wp-content\/uploads\/2023\/09\/supporto-tecnico-partecipazione-gara-telematica-fornitori-.png","datePublished":"2019-06-11T08:04:27+00:00","dateModified":"2023-09-28T07:32:51+00:00","description":"Si usted es un Operador Econ\u00f3mico y necesita apoyo T\u00e9cnico para participar en una Licitaci\u00f3n Telem\u00e1tica, descubra el Servicio de Consultor\u00eda NetworkPA","breadcrumb":{"@id":"https:\/\/tech1.networkpa.it\/producto\/supporto-tecnico-partecipazione-alla-gara-telematica\/#breadcrumb"},"inLanguage":"es-ES","potentialAction":[{"@type":"ReadAction","target":["https:\/\/tech1.networkpa.it\/producto\/supporto-tecnico-partecipazione-alla-gara-telematica\/"]}]},{"@type":"ImageObject","inLanguage":"es-ES","@id":"https:\/\/tech1.networkpa.it\/producto\/supporto-tecnico-partecipazione-alla-gara-telematica\/#primaryimage","url":"https:\/\/tech1.networkpa.it\/wp-content\/uploads\/2023\/09\/supporto-tecnico-partecipazione-gara-telematica-fornitori-.png","contentUrl":"https:\/\/tech1.networkpa.it\/wp-content\/uploads\/2023\/09\/supporto-tecnico-partecipazione-gara-telematica-fornitori-.png","width":500,"height":500,"caption":"Supporto Tecnico per la partecipazione alla Gara Telematica"},{"@type":"BreadcrumbList","@id":"https:\/\/tech1.networkpa.it\/producto\/supporto-tecnico-partecipazione-alla-gara-telematica\/#breadcrumb","itemListElement":[{"@type":"ListItem","position":1,"name":"Home","item":"https:\/\/tech1.networkpa.it\/"},{"@type":"ListItem","position":2,"name":"Prodotti","item":"https:\/\/tech1.networkpa.it\/shop\/"},{"@type":"ListItem","position":3,"name":"Apoyo T\u00e9cnico para la Participaci\u00f3n en la licitaci\u00f3n Telem\u00e1tica"}]},{"@type":"WebSite","@id":"https:\/\/tech1.networkpa.it\/#website","url":"https:\/\/tech1.networkpa.it\/","name":"NetworkPA","description":"Software e-procurement | albo fornitori iscrizione | Partecipazione gara telematica","publisher":{"@id":"https:\/\/tech1.networkpa.it\/#organization"},"potentialAction":[{"@type":"SearchAction","target":{"@type":"EntryPoint","urlTemplate":"https:\/\/tech1.networkpa.it\/?s={search_term_string}"},"query-input":{"@type":"PropertyValueSpecification","valueRequired":true,"valueName":"search_term_string"}}],"inLanguage":"es-ES"},{"@type":"Organization","@id":"https:\/\/tech1.networkpa.it\/#organization","name":"DigitalPA s.r.l","url":"https:\/\/tech1.networkpa.it\/","logo":{"@type":"ImageObject","inLanguage":"es-ES","@id":"https:\/\/tech1.networkpa.it\/#\/schema\/logo\/image\/","url":"https:\/\/tech1.networkpa.it\/wp-content\/uploads\/2019\/06\/logo-digitalpa-blu-rosso-orizzontale-payoff-copia-250x.png","contentUrl":"https:\/\/tech1.networkpa.it\/wp-content\/uploads\/2019\/06\/logo-digitalpa-blu-rosso-orizzontale-payoff-copia-250x.png","width":250,"height":60,"caption":"DigitalPA s.r.l"},"image":{"@id":"https:\/\/tech1.networkpa.it\/#\/schema\/logo\/image\/"},"sameAs":["https:\/\/www.facebook.com\/digitalpa.srl\/","https:\/\/www.linkedin.com\/company\/digitalpa\/?originalSubdomain=it","https:\/\/www.youtube.com\/channel\/UC67awOjGkcaH22GRWPN9R1w"]}]}},"_links":{"self":[{"href":"https:\/\/tech1.networkpa.it\/es\/wp-json\/wp\/v2\/product\/9567","targetHints":{"allow":["GET"]}}],"collection":[{"href":"https:\/\/tech1.networkpa.it\/es\/wp-json\/wp\/v2\/product"}],"about":[{"href":"https:\/\/tech1.networkpa.it\/es\/wp-json\/wp\/v2\/types\/product"}],"wp:featuredmedia":[{"embeddable":true,"href":"https:\/\/tech1.networkpa.it\/es\/wp-json\/wp\/v2\/media\/31608"}],"wp:attachment":[{"href":"https:\/\/tech1.networkpa.it\/es\/wp-json\/wp\/v2\/media?parent=9567"}],"wp:term":[{"taxonomy":"product_brand","embeddable":true,"href":"https:\/\/tech1.networkpa.it\/es\/wp-json\/wp\/v2\/product_brand?post=9567"},{"taxonomy":"product_cat","embeddable":true,"href":"https:\/\/tech1.networkpa.it\/es\/wp-json\/wp\/v2\/product_cat?post=9567"},{"taxonomy":"product_tag","embeddable":true,"href":"https:\/\/tech1.networkpa.it\/es\/wp-json\/wp\/v2\/product_tag?post=9567"}],"curies":[{"name":"wp","href":"https:\/\/api.w.org\/{rel}","templated":true}]}}